{"id":14,"date":"2024-10-07T05:16:50","date_gmt":"2024-10-07T05:16:50","guid":{"rendered":"https:\/\/immediateacceleration.pro\/?page_id=14"},"modified":"2026-02-02T12:39:52","modified_gmt":"2026-02-02T12:39:52","slug":"nutzungsbedingungen","status":"publish","type":"page","link":"https:\/\/xbt360ai.net\/de\/terms-of-use\/","title":{"rendered":"Terms"},"content":{"rendered":"<div data-elementor-type=\"wp-page\" data-elementor-id=\"14\" class=\"elementor elementor-14\" data-elementor-post-type=\"page\">\n\t\t\t\t\t\t<section class=\"elementor-section elementor-top-section elementor-element elementor-element-142b5ac elementor-section-height-min-height elementor-section-boxed elementor-section-height-default elementor-section-items-middle\" data-id=\"142b5ac\" data-element_type=\"section\" data-e-type=\"section\" data-settings=\"{&quot;background_background&quot;:&quot;classic&quot;}\">\n\t\t\t\t\t\t\t<div class=\"elementor-background-overlay\"><\/div>\n\t\t\t\t\t\t\t<div class=\"elementor-container elementor-column-gap-default\">\n\t\t\t\t\t<div class=\"elementor-column elementor-col-100 elementor-top-column elementor-element elementor-element-4e904f0\" data-id=\"4e904f0\" data-element_type=\"column\" data-e-type=\"column\">\n\t\t\t<div class=\"elementor-widget-wrap elementor-element-populated\">\n\t\t\t\t\t\t<div class=\"elementor-element elementor-element-4a75602 elementor-widget elementor-widget-heading\" data-id=\"4a75602\" data-element_type=\"widget\" data-e-type=\"widget\" data-widget_type=\"heading.default\">\n\t\t\t\t\t<h1 class=\"elementor-heading-title elementor-size-default\">Allgemeine Gesch\u00e4ftsbedingungen\n<\/h1>\t\t\t\t<\/div>\n\t\t\t\t\t<\/div>\n\t\t<\/div>\n\t\t\t\t\t<\/div>\n\t\t<\/section>\n\t\t\t\t<section class=\"elementor-section elementor-top-section elementor-element elementor-element-4e267e4 elementor-section-boxed elementor-section-height-default elementor-section-height-default\" data-id=\"4e267e4\" data-element_type=\"section\" data-e-type=\"section\">\n\t\t\t\t\t\t<div class=\"elementor-container elementor-column-gap-default\">\n\t\t\t\t\t<div class=\"elementor-column elementor-col-100 elementor-top-column elementor-element elementor-element-cca1c71\" data-id=\"cca1c71\" data-element_type=\"column\" data-e-type=\"column\">\n\t\t\t<div class=\"elementor-widget-wrap elementor-element-populated\">\n\t\t\t\t\t\t<div class=\"elementor-element elementor-element-aa41f01 elementor-drop-cap-yes elementor-drop-cap-view-default elementor-widget elementor-widget-text-editor\" data-id=\"aa41f01\" data-element_type=\"widget\" data-e-type=\"widget\" data-settings=\"{&quot;drop_cap&quot;:&quot;yes&quot;}\" data-widget_type=\"text-editor.default\">\n\t\t\t\t\t\t\t\t\t<p>Vielen Dank f\u00fcr Ihren Besuch auf unserer <a href=\"https:\/\/xbt360ai.net\/de\/\"><strong>Webseite<\/strong><\/a>\u00a0(die \u201eWebsite\u201c), auf der Sie den Link zu diesen Allgemeinen Gesch\u00e4ftsbedingungen (die \u201eWebsite\u201c) gefunden haben, und zu unserem\u00a0<strong><a href=\"https:\/\/xbt360ai.net\/de\/datenschutzrichtlinie\/\">Datenschutzrichtlinie<\/a> <\/strong>(die \u201eDatenschutzerkl\u00e4rung\u201c). Diese Website wird betrieben und kontrolliert von <strong>Xbt 360 AI<\/strong> und alle Holdinggesellschaften, Tochtergesellschaften oder verbundenen Unternehmen, die alle als bezeichnet werden <strong>Xbt 360 AI<\/strong>. Die Website ist unser Eigentum (gemeinsam als \u201ewir\u201c, \u201eunser\u201c oder \u201euns\u201c bezeichnet) und Sie k\u00f6nnen uns jederzeit per E-Mail kontaktieren unter:<strong><a href=\"mailto:info@xbt360ai.net\"> info@xbt360ai.net<\/a><\/strong><\/p><p>Indem Sie auf die Website zugreifen oder unsere Produkte und\/oder Dienste (\u201eAnbieterdienste\u201c und zusammen mit Abonnementdiensten als \u201eDienste\u201c bezeichnet) in Anspruch nehmen, erkl\u00e4ren Sie sich mit diesen Nutzungsbedingungen (\u201eBedingungen\u201c) und unserer Datenschutzrichtlinie einverstanden. Diese Bedingungen umfassen Betriebsregeln, Richtlinien, Informationen und andere erg\u00e4nzende Bedingungen. Wir behalten uns das Recht vor, die Bedingungen von Zeit zu Zeit ohne vorherige Ank\u00fcndigung und nach eigenem Ermessen zu \u00e4ndern. Es liegt in Ihrer Verantwortung, diese Seite regelm\u00e4\u00dfig auf Aktualisierungen der Bedingungen zu \u00fcberpr\u00fcfen, die nach ihrer Ver\u00f6ffentlichung in Kraft treten. Ihre fortgesetzte Nutzung der Website gilt als Annahme der Bedingungen.<\/p><p>Bitte lesen Sie die vollst\u00e4ndigen Bestimmungen dieser Allgemeinen Gesch\u00e4ftsbedingungen sorgf\u00e4ltig durch. Wenn Sie mit irgendeinem Teil davon nicht einverstanden sind, sind Sie nicht berechtigt, die Dienste oder die Website in irgendeiner Weise zu nutzen. Wir behalten uns das Recht vor, den Zugriff auf die Dienste und\/oder die Website nach eigenem Ermessen zu verweigern.<\/p><h4><strong>KEINE ANLAGEBERATUNG<\/strong><\/h4><p>Sofern nicht ausdr\u00fccklich anders angegeben, dient diese Website nicht der Erteilung pers\u00f6nlicher Finanz- oder Anlageberatung. Die bereitgestellten Informationen ber\u00fccksichtigen weder Ihre speziellen Anlageziele noch Ihre Finanzlage oder Anlagebed\u00fcrfnisse.<\/p><p>Sie sollten beurteilen, ob die Informationen auf dieser Website f\u00fcr Ihre speziellen Anlageziele, Ihre finanzielle Situation und Ihre Anlagebed\u00fcrfnisse geeignet sind. Sie sollten dies tun, bevor Sie auf der Grundlage der auf dieser Website oder in Bezug auf diese Website bereitgestellten Informationen eine Anlageentscheidung treffen. Sie k\u00f6nnen diese Beurteilung entweder selbst vornehmen oder die professionelle Unterst\u00fctzung eines unabh\u00e4ngigen Finanzberaters in Anspruch nehmen.<\/p><p>Sofern nicht ausdr\u00fccklich etwas anderes angegeben ist, stellen die Informationen auf dieser Website keine Empfehlung zur Investition in Finanzprodukte oder -dienstleistungen dar, die von einem Mitglied der IG-Unternehmensgruppe angeboten werden.<\/p><h4><strong>PRODUKTE UND SERVICES<\/strong><\/h4><p>Nicht alle auf dieser Website genannten Produkte und Dienstleistungen werden notwendigerweise von uns bereitgestellt. Die Identifizierung oder Verwendung von Produkten, Dienstleistungen, Websites oder Netzwerken Dritter stellt keine Billigung dieser Produkte, Dienstleistungen oder Websites oder Netzwerke dar. Diese Website erm\u00f6glicht Ihnen m\u00f6glicherweise den Zugriff auf Websites und Netzwerke, die von anderen Personen als uns bereitgestellt werden, \u00fcber einen Hypertext oder einen anderen Link.<\/p><p>Wir \u00fcbernehmen keinerlei Verantwortung oder Haftung jeglicher Art in Bezug auf Materialien auf Websites oder Netzwerken, die nicht unserer direkten Kontrolle unterliegen. Sie erkennen an, dass Ihr Zugriff auf solche anderen Websites oder Netzwerke \u00fcber einen solchen Link von uns verlangen kann, dem Eigent\u00fcmer dieser Website oder dieses Netzwerks bestimmte Informationen \u00fcber Sie zur Verf\u00fcgung zu stellen. Nichts auf dieser Website ist als Anlage- oder Finanzberatung von uns oder durch uns gedacht und sollte von Ihnen auch nicht als solche verstanden werden.<\/p><h4><strong>GELTUNGSBEREICH UND \u00c4NDERUNGEN<\/strong><\/h4><p>Sie stimmen den hierin dargelegten Bedingungen bez\u00fcglich Ihrer Nutzung unserer Website zu. Diese Bedingungen stellen die gesamte Vereinbarung zwischen Ihnen und uns dar und ersetzen alle vorherigen Vereinbarungen, Zusicherungen, Garantien und Absprachen bez\u00fcglich der Website.<\/p><p>Bitte beachten Sie, dass sich diese Bedingungen regelm\u00e4\u00dfig \u00e4ndern k\u00f6nnen. Wenn wir diese Bedingungen \u00e4ndern, informieren wir Sie \u00fcber die Wahlm\u00f6glichkeiten, die Ihnen aufgrund dieser \u00c4nderungen zur Verf\u00fcgung stehen. Dar\u00fcber hinaus ver\u00f6ffentlichen wir eine Benachrichtigung, die auf die \u00c4nderung hinweist. Ihre fortgesetzte Nutzung der Website und\/oder unserer Dienste setzt Ihre uneingeschr\u00e4nkte Zustimmung voraus, die zu diesem Zeitpunkt g\u00fcltigen aktualisierten Bedingungen einzuhalten. Es liegt in Ihrer Verantwortung, diese Seite regelm\u00e4\u00dfig auf Aktualisierungen und\/oder \u00c4nderungen zu \u00fcberpr\u00fcfen.<\/p><h4><strong>ANFORDERUNGEN<\/strong><\/h4><p>Die Website und unsere Dienste stehen ausschlie\u00dflich Personen zur Verf\u00fcgung, die nach geltendem Recht zum Abschluss rechtsverbindlicher Vertr\u00e4ge berechtigt sind. Sie sind nicht f\u00fcr die Nutzung durch Personen unter achtzehn (18) Jahren bestimmt. Wenn Sie unter achtzehn (18) Jahre alt sind, sind Sie nicht berechtigt, die Website und\/oder Dienste zu nutzen und\/oder darauf zuzugreifen.<\/p><h4><strong>BESCHREIBUNG DER DIENSTLEISTUNGEN<\/strong><\/h4><p><i>Abonnementdienste:<\/i>\u00a0Wenn Sie sich auf der Website registrieren und unsere Genehmigung erhalten, k\u00f6nnen Sie kostenpflichtige oder kostenlose Abonnementdienste in Anspruch nehmen oder versuchen, diese in Anspruch zu nehmen. Diese Dienste bieten E-Mail-Inhalte, Texte und andere Materialien (\u201eAbonnementinhalte\u201c), die f\u00fcr das Online-Marketing von uns und unseren Partnern (\u201eDrittanbietern\u201c) relevant sind. Dies ist keine Anlageberatung. Sie verstehen und stimmen zu, dass wir nicht f\u00fcr die Richtigkeit, Vollst\u00e4ndigkeit oder Angemessenheit der Abonnementinhalte verantwortlich oder haftbar sind.<\/p><p><i>Dienste von Anbietern und Drittanbietern:<\/i>\u00a0Durch Ausf\u00fcllen von Registrierungsformularen k\u00f6nnen Sie bestimmte Produkte und\/oder Dienstleistungen von der Website beziehen oder versuchen, diese zu beziehen. Produkt- und\/oder Dienstleistungsbeschreibungen auf der Website k\u00f6nnen von Drittanbietern bereitgestellt werden. Wir \u00fcbernehmen keine Garantie f\u00fcr die Richtigkeit oder Vollst\u00e4ndigkeit dieser Beschreibungen. Sie verstehen und stimmen zu, dass wir nicht verantwortlich oder haftbar sind, wenn Sie keine Produkte und\/oder Dienstleistungen von der Website oder ihren verbundenen Partnern beziehen k\u00f6nnen oder wenn es zu Streitigkeiten mit Produktverk\u00e4ufern, H\u00e4ndlern oder Drittanbietern kommt, mit denen Sie im Zusammenhang mit der Website in Kontakt treten.<\/p><p><i>Allgemein:<\/i>\u00a0Um die Dienste nutzen zu k\u00f6nnen, m\u00fcssen Sie genaue Service-Registrierungsdaten angeben. Wir behalten uns das Recht vor, unvollst\u00e4ndige, betr\u00fcgerische oder inakzeptable Daten abzulehnen. Sofern nicht ausdr\u00fccklich anders angegeben, unterliegen alle zuk\u00fcnftigen Angebote zur Verbesserung der Funktionen der Website diesen Bedingungen. Sie erkl\u00e4ren sich damit einverstanden, dass wir nicht f\u00fcr Ihre Unf\u00e4higkeit, die Dienste zu nutzen und\/oder sich f\u00fcr sie zu qualifizieren, sowie f\u00fcr etwaige \u00c4nderungen, Aussetzungen oder Einstellung verantwortlich sind.<\/p><h4><strong>EIGENTUMSRECHTE<\/strong><\/h4><p>Die Website, Inhalte und Dienste, einschlie\u00dflich Organisation, Grafiken, Design, Zusammenstellung, Software und andere Angelegenheiten, sind durch geltende Urheberrechte, Marken und andere Eigentumsrechte gesch\u00fctzt. Das Reproduzieren, Weiterverteilen oder Verkaufen von Teilen der Website, Inhalte und\/oder Dienste ist streng verboten. Das Abrufen von Material mit automatisierten Mitteln oder Scraping f\u00fcr beliebige Zwecke ohne schriftliche Genehmigung ist verboten. Sie erwerben keine Eigentumsrechte an Inhalten, Dokumenten, Software, Diensten oder Materialien auf der Website. Unser Name, Logo, Grafiken, Symbole und Dienstnamen sind Marken. Die unbefugte Verwendung von Marken ist streng verboten.<\/p><h4><strong>VERTRAULICHE INFORMATIONEN<\/strong><\/h4><p>Vertrauliche Informationen beziehen sich auf gesch\u00fctzte Informationen, die als solche gekennzeichnet sind, und schlie\u00dfen \u00f6ffentlich bekannte Informationen, bereits vorhandenes Wissen, unabh\u00e4ngig entwickelte Informationen oder Informationen aus, die von Dritten ohne Offenlegungsbeschr\u00e4nkung erhalten wurden. Die Pflicht zum Schutz vertraulicher Informationen erlischt ein (1) Jahr nach Beendigung.<\/p><h5><strong>HYPERLINKS ZUR WEBSITE, CO-BRANDING, \u201eFRAMING\u201c UND\/ODER VERWEISE AUF DIE WEBSITE SIND VERBOTEN<\/strong><\/h5><p>Das Verlinken der Website oder von Teilen davon mit einer anderen Website ohne unsere ausdr\u00fcckliche Genehmigung ist untersagt. Das \u201eFraming\u201c der Website oder das Verweisen auf den Uniform Resource Locator (\u201eURL\u201c) ohne unsere schriftliche Genehmigung ist strengstens untersagt. Die Entfernung solcher Inhalte oder Aktivit\u00e4ten setzt eine Zusammenarbeit voraus und Sie haften f\u00fcr alle damit verbundenen Sch\u00e4den.<\/p><h4><strong>BEARBEITEN, L\u00d6SCHEN UND \u00c4NDERN<\/strong><\/h4><p>Wir behalten uns das Recht vor, s\u00e4mtliche Dokumente, Informationen oder Inhalte auf der Website ohne vorherige Ank\u00fcndigung zu bearbeiten und\/oder zu l\u00f6schen.<\/p><h4><strong>HAFTUNGSAUSSCHLUSS<\/strong><\/h4><p>Die Website, Dienste, Inhalte und Produkte Dritter werden \u201ewie besehen\u201c und \u201ewie verf\u00fcgbar\u201c bereitgestellt. S\u00e4mtliche ausdr\u00fccklichen und stillschweigenden Gew\u00e4hrleistungen werden im gr\u00f6\u00dftm\u00f6glichen, nach geltendem Recht zul\u00e4ssigen Umfang ausgeschlossen. Wir \u00fcbernehmen keine Garantie daf\u00fcr, dass die Website, Dienste, Inhalte und\/oder Produkte Dritter Ihren Anforderungen entsprechen oder ununterbrochen, zeitnah, sicher oder fehlerfrei verf\u00fcgbar sind. Sie erkl\u00e4ren sich damit einverstanden, dass wir nicht f\u00fcr Anspr\u00fcche im Zusammenhang mit der Unm\u00f6glichkeit der Nutzung der Website, Dienste, Inhalte und\/oder Produkte Dritter haften. Die Website kann Bugs, Fehler oder Einschr\u00e4nkungen enthalten, und wir haften nicht f\u00fcr die Verf\u00fcgbarkeit der Internetverbindung.<\/p><h4><strong>HAFTUNGSBESCHR\u00c4NKUNG<\/strong><\/h4><p>Wir haften nicht f\u00fcr direkte, indirekte, zuf\u00e4llige, besondere oder exemplarische Sch\u00e4den, einschlie\u00dflich entgangener Gewinne, Gesch\u00e4ftswert, Nutzung, Daten oder sonstiger immaterieller Verluste. Diese Einschr\u00e4nkung gilt f\u00fcr alle Klagegr\u00fcnde, einschlie\u00dflich Vertragsbruch, Gew\u00e4hrleistung, Fahrl\u00e4ssigkeit, Gef\u00e4hrdungshaftung, Falschdarstellung und sonstiger unerlaubter Handlungen. Sie stellen uns und unsere Drittanbieter von Verpflichtungen, Haftungen und Anspr\u00fcchen frei, die \u00fcber die genannte Einschr\u00e4nkung hinausgehen. Sollte das geltende Recht diese Einschr\u00e4nkung nicht zulassen, betr\u00e4gt unsere maximale Haftung unter allen Umst\u00e4nden f\u00fcnfhundert US-Dollar (500,00 $).<\/p><h4><strong>SCHADENSERSATZ<\/strong><\/h4><p>Sie erkl\u00e4ren sich damit einverstanden, uns, unsere Partner, Tochtergesellschaften, verbundenen Unternehmen und deren jeweilige Mitglieder, leitenden Angestellten, Direktoren, Mitarbeiter, Vertreter und Partner von allen Anspr\u00fcchen, Ausgaben, Sch\u00e4den, Klagen, Kosten, Forderungen und\/oder Urteilen Dritter freizustellen und schadlos zu halten, die aus Ihrer Nutzung der Website, Dienste oder Inhalte, Ihrem Versto\u00df gegen diese Bedingungen und\/oder Ihrer Verletzung der Rechte einer anderen Person und\/oder Organisation entstehen.<\/p><h4><strong>WEBSITES VON DRITTANBIETERN<\/strong><\/h4><p>Die Website kann Links zu anderen Internet-Websites und\/oder Ressourcen von Drittanbietern enthalten. Wir sind weder f\u00fcr die Verf\u00fcgbarkeit solcher Websites und\/oder Ressourcen Dritter noch f\u00fcr deren Inhalte verantwortlich und \u00fcbernehmen keine Haftung f\u00fcr deren Bedingungen, Datenschutzrichtlinien, Inhalte, Werbung, Dienste, Produkte oder Materialien.<\/p><h4><strong>DATENSCHUTZERKL\u00c4RUNG\/BESUCHERINFORMATIONEN<\/strong><\/h4><p>Ihre Nutzung der Website und alle \u00fcbermittelten Kommentare, R\u00fcckmeldungen, Informationen, Registrierungsdaten und\/oder Materialien unterliegen unserer Datenschutzrichtlinie. Wir behalten uns das Recht vor, Informationen \u00fcber Ihre Website-Nutzung und personenbezogene Daten gem\u00e4\u00df unserer Datenschutzrichtlinie und den geltenden Datenschutzgesetzen zu verwenden.<\/p><h4><strong>RECHTLICHER HINWEIS<\/strong><\/h4><p>Jeder Versuch, die Website zu besch\u00e4digen, zu zerst\u00f6ren, zu manipulieren, zu vandalisieren oder ihren Betrieb zu st\u00f6ren, stellt einen Versto\u00df gegen straf- und zivilrechtliche Vorschriften dar. Wir werden gegen jede Person oder Organisation, die gegen die Website verst\u00f6\u00dft, im gr\u00f6\u00dftm\u00f6glichen gesetzlich zul\u00e4ssigen und nach Billigkeitsrecht zul\u00e4ssigen Umfang Rechtsmittel einleiten.<\/p><h4><strong>RECHTSWAHL UND GERICHTSSTAND<\/strong><\/h4><p>Diese Bedingungen unterliegen den Gesetzen des Vereinigten K\u00f6nigreichs und werden entsprechend ausgelegt. Die Parteien werden versuchen, in gutem Glauben eine g\u00fctliche Einigung f\u00fcr alle Anspr\u00fcche oder Streitigkeiten zu erzielen, die sich aus diesen Allgemeinen Gesch\u00e4ftsbedingungen ergeben oder damit in Zusammenhang stehen. Wenn sich die Parteien nicht auf Bedingungen einigen k\u00f6nnen, wird der Streitfall ausschlie\u00dflich einem vertraulichen Schiedsverfahren vor einem einzelnen Schiedsrichter in London gem\u00e4\u00df den ICC-Regeln unterzogen, dessen Schiedsspruch endg\u00fcltig und bindend ist. Keine Partei darf eine Klage bei ihrem \u00f6rtlichen Wohnsitzgericht oder einem anderen Forum einreichen.<\/p><h4><strong>DATENSCHUTZERKL\u00c4RUNG<\/strong><\/h4><p>Dieser Datenschutznachtrag ist Teil unserer Allgemeinen Gesch\u00e4ftsbedingungen. Die hierin verwendeten Begriffe haben die in diesem Nachtrag festgelegten Bedeutungen. Sofern unten nicht anders angegeben, bleiben die Bedingungen in vollem Umfang g\u00fcltig und wirksam.<\/p><ol class=\"nested-list\"><li><b>Definitionen<\/b><br \/><ol class=\"nested-list\"><li><b>Geltende Gesetze:<\/b>\u00a0Die Gesetze der EU oder der Mitgliedstaaten in Bezug auf personenbezogene Daten unterliegen den EU-Datenschutzgesetzen und anderen anwendbaren Gesetzen f\u00fcr personenbezogene Daten, die anderen Datenschutzgesetzen unterliegen.<\/li><li><b>Regler:<\/b>\u00a0Stelle, die die Zwecke und Mittel der Verarbeitung personenbezogener Daten bestimmt.<\/li><li><b>Datenschutzgesetze:<\/b>\u00a0EU-Datenschutzgesetze und Datenschutz- oder Privatsph\u00e4rengesetze anderer L\u00e4nder.<\/li><li><b>EU-Datenschutzgesetze:<\/b>\u00a0EU-Richtlinie 95\/46\/EG, DSGVO und zugeh\u00f6rige Gesetze.<\/li><li><b>DSGVO:<\/b>\u00a0EU-Datenschutz-Grundverordnung 2016\/679.<\/li><\/ol><\/li><li><b>Erhebung und Verarbeitung personenbezogener Daten<\/b><br \/><ol class=\"nested-list\"><li>Wir verpflichten uns, bei der Verarbeitung personenbezogener Daten alle geltenden Datenschutzgesetze einzuhalten.<br \/><ol class=\"nested-list\"><li>Wir erkl\u00e4ren und gew\u00e4hrleisten, dass wir \u00fcber die erforderlichen Genehmigungen und Einwilligungen der betroffenen Personen verf\u00fcgen, um die Erhebung, Verarbeitung und Weitergabe personenbezogener Daten \u00fcber die Dienste im Einklang mit den geltenden Gesetzen rechtm\u00e4\u00dfig zuzulassen.<\/li><li>Wir werden einen Mechanismus zum Einholen und Widerrufen der Einwilligung gem\u00e4\u00df den geltenden Gesetzen und \u00f6ffentlich verf\u00fcgbaren Datenschutzrichtlinien aufrechterhalten.<\/li><li>Wir erkennen an, dass wir keine Dienste f\u00fcr Kinder unter achtzehn (18) Jahren erbringen.<\/li><\/ol><\/li><\/ol><\/li><li><b>Sicherheit<\/b><br \/><ol class=\"nested-list\"><li>Zur Gew\u00e4hrleistung der Datensicherheit treffen wir geeignete technische und organisatorische Ma\u00dfnahmen im Sinne des Art. 32 Abs. 1 DSGVO.<\/li><\/ol><\/li><li><b>Unterauftragsverarbeitung<\/b><br \/><ol class=\"nested-list\"><li>Sie erm\u00e4chtigen uns, Unterauftragsverarbeiter zu ernennen und sicherzustellen, dass schriftliche Vertr\u00e4ge mit Unterauftragsverarbeitern das gleiche Schutzniveau f\u00fcr personenbezogene Daten bieten, wie in diesem Nachtrag beschrieben, und die DSGVO-Anforderungen erf\u00fcllen.<\/li><\/ol><\/li><li><b>Rechte der betroffenen Person<\/b><br \/><ol class=\"nested-list\"><li>Wir unterst\u00fctzen Sie bei der Beantwortung von Anfragen betroffener Personen im Rahmen der Datenschutzgesetze und ber\u00fccksichtigen dabei die Art der Verarbeitung.<\/li><\/ol><\/li><li><b>Verletzung des Schutzes personenbezogener Daten<\/b><br \/><ol class=\"nested-list\"><li>Wenn uns eine Verletzung des Schutzes personenbezogener Daten bekannt wird, informieren wir die betroffenen Personen umgehend und unterst\u00fctzen sie bei der Untersuchung, Schadensbegrenzung und Behebung.<\/li><\/ol><\/li><li><b>Allgemeine Gesch\u00e4ftsbedingungen<\/b><br \/><ol class=\"nested-list\"><li>Streitigkeiten oder Anspr\u00fcche, die sich aus diesen Bedingungen ergeben, unterliegen der hierin festgelegten Gerichtsbarkeit. Sollte eine Bestimmung ung\u00fcltig sein, bleiben die \u00fcbrigen Bestimmungen davon unber\u00fchrt.<\/li><\/ol><\/li><li><b>\u00c4nderungen<\/b><br \/><ol class=\"nested-list\"><li>\u00c4nderungen dieser Bedingungen k\u00f6nnen von Zeit zu Zeit nach unserem alleinigen Ermessen vorgenommen werden.<\/li><\/ol><\/li><\/ol><p>Indem Sie diesen Allgemeinen Gesch\u00e4ftsbedingungen zustimmen, best\u00e4tigen Sie, dass Sie alle oben genannten Bedingungen gelesen und verstanden haben und damit einverstanden sind. Ihre fortgesetzte Nutzung der Website und der Dienste gilt als Annahme dieser Bedingungen. Wenn Sie Fragen oder Bedenken haben, kontaktieren Sie uns bitte unter <strong><a href=\"mailto:info@xbt360ai.net\">info@xbt360ai.net<\/a><\/strong><\/p>\t\t\t\t\t\t\t\t<\/div>\n\t\t\t\t\t<\/div>\n\t\t<\/div>\n\t\t\t\t\t<\/div>\n\t\t<\/section>\n\t\t\t\t<\/div>","protected":false},"excerpt":{"rendered":"<p>TERMS &amp; CONDITIONS Thank you for visiting our website\u00a0(the \u201cWebsite\u201d) on which you found the link to these Terms and Conditions (the \u201cWebsite \u201d), and to our\u00a0Privacy Policy (the &#8220;Privacy Policy&#8221;). This website is operated and controlled by Xbt 360 AI and any holding companies, subsidiaries or related entities, all of which are referred to [&hellip;]<\/p>\n","protected":false},"author":1,"featured_media":0,"parent":0,"menu_order":0,"comment_status":"closed","ping_status":"closed","template":"elementor_header_footer","meta":{"footnotes":""},"class_list":["post-14","page","type-page","status-publish","hentry"],"_links":{"self":[{"href":"https:\/\/xbt360ai.net\/de\/wp-json\/wp\/v2\/pages\/14","targetHints":{"allow":["GET"]}}],"collection":[{"href":"https:\/\/xbt360ai.net\/de\/wp-json\/wp\/v2\/pages"}],"about":[{"href":"https:\/\/xbt360ai.net\/de\/wp-json\/wp\/v2\/types\/page"}],"author":[{"embeddable":true,"href":"https:\/\/xbt360ai.net\/de\/wp-json\/wp\/v2\/users\/1"}],"replies":[{"embeddable":true,"href":"https:\/\/xbt360ai.net\/de\/wp-json\/wp\/v2\/comments?post=14"}],"version-history":[{"count":0,"href":"https:\/\/xbt360ai.net\/de\/wp-json\/wp\/v2\/pages\/14\/revisions"}],"wp:attachment":[{"href":"https:\/\/xbt360ai.net\/de\/wp-json\/wp\/v2\/media?parent=14"}],"curies":[{"name":"wp","href":"https:\/\/api.w.org\/{rel}","templated":true}]}}