{"id":16,"date":"2024-10-07T05:17:23","date_gmt":"2024-10-07T05:17:23","guid":{"rendered":"https:\/\/immediateacceleration.pro\/?page_id=16"},"modified":"2025-10-03T12:40:00","modified_gmt":"2025-10-03T12:40:00","slug":"datenschutzrichtlinie","status":"publish","type":"page","link":"https:\/\/xbt360ai.net\/de\/privacy-policy\/","title":{"rendered":"Datenschutzrichtlinie"},"content":{"rendered":"<div data-elementor-type=\"wp-page\" data-elementor-id=\"16\" class=\"elementor elementor-16\" data-elementor-post-type=\"page\">\n\t\t\t\t\t\t<section class=\"elementor-section elementor-top-section elementor-element elementor-element-c338b47 elementor-section-height-min-height elementor-section-boxed elementor-section-height-default elementor-section-items-middle\" data-id=\"c338b47\" data-element_type=\"section\" data-e-type=\"section\" data-settings=\"{&quot;background_background&quot;:&quot;classic&quot;}\">\n\t\t\t\t\t\t\t<div class=\"elementor-background-overlay\"><\/div>\n\t\t\t\t\t\t\t<div class=\"elementor-container elementor-column-gap-default\">\n\t\t\t\t\t<div class=\"elementor-column elementor-col-100 elementor-top-column elementor-element elementor-element-6d93b84\" data-id=\"6d93b84\" data-element_type=\"column\" data-e-type=\"column\">\n\t\t\t<div class=\"elementor-widget-wrap elementor-element-populated\">\n\t\t\t\t\t\t<div class=\"elementor-element elementor-element-e006749 elementor-widget elementor-widget-heading\" data-id=\"e006749\" data-element_type=\"widget\" data-e-type=\"widget\" data-widget_type=\"heading.default\">\n\t\t\t\t\t<h1 class=\"elementor-heading-title elementor-size-default\">Datenschutzrichtlinie<\/h1>\t\t\t\t<\/div>\n\t\t\t\t\t<\/div>\n\t\t<\/div>\n\t\t\t\t\t<\/div>\n\t\t<\/section>\n\t\t\t\t<section class=\"elementor-section elementor-top-section elementor-element elementor-element-374c751 elementor-section-boxed elementor-section-height-default elementor-section-height-default\" data-id=\"374c751\" data-element_type=\"section\" data-e-type=\"section\">\n\t\t\t\t\t\t<div class=\"elementor-container elementor-column-gap-default\">\n\t\t\t\t\t<div class=\"elementor-column elementor-col-100 elementor-top-column elementor-element elementor-element-8897f7c\" data-id=\"8897f7c\" data-element_type=\"column\" data-e-type=\"column\">\n\t\t\t<div class=\"elementor-widget-wrap elementor-element-populated\">\n\t\t\t\t\t\t<div class=\"elementor-element elementor-element-3b3ccd2 elementor-widget elementor-widget-text-editor\" data-id=\"3b3ccd2\" data-element_type=\"widget\" data-e-type=\"widget\" data-widget_type=\"text-editor.default\">\n\t\t\t\t\t\t\t\t\t<p><b>Zuletzt aktualisiert:<\/b>\u00a0September 2022<\/p><h4><strong>1. Einleitung<\/strong><\/h4><p>Diese Erkl\u00e4rung beschreibt die Datenschutzrichtlinie von <strong>XBT 360 Ai<\/strong> (\u201euns\u201c, \u201ewir\u201c oder \u201eunser\u201c) in Bezug auf unsere Produkte und Dienstleistungen (die \u201eDienstleistungen\u201c) und <a href=\"https:\/\/xbt360ai.net\/de\/\">Webseite<\/a>\u00a0(die \u201eWebsite\u201c). Der Schutz Ihrer Privatsph\u00e4re und die Vertraulichkeit Ihrer Daten ist f\u00fcr uns bei der Bereitstellung unserer Dienste und dem Betrieb der Website von entscheidender Bedeutung.<\/p><p>Unsere Dienste und unsere Website k\u00f6nnen Links zu Websites und Diensten Dritter enthalten. Wir sind nicht f\u00fcr die Datenschutzpraktiken dieser Drittanbieter verantwortlich. Es ist ratsam, deren Datenschutzrichtlinien zu \u00fcberpr\u00fcfen, bevor Sie sie verwenden.<\/p><p>Alle von uns im Zusammenhang mit unseren Diensten erhaltenen Informationen werden vertraulich behandelt. Wir setzen robuste technische, sicherheitstechnische und organisatorische Ma\u00dfnahmen ein, um personenbezogene Daten (wie unten definiert) vor unbefugter Verarbeitung, versehentlichem Verlust, Zerst\u00f6rung, Besch\u00e4digung, Diebstahl oder Offenlegung zu sch\u00fctzen.<\/p><p>Wenn Sie Ihre Informationen \u00fcber unsere Website senden, m\u00fcssen Sie m\u00f6glicherweise pers\u00f6nliche Informationen angeben, z. B. Ihren Namen, Ihre E-Mail-Adresse, Telefonnummer, Ihr Geburtsdatum und verschiedene Identifikationsdetails. Diese Informationen k\u00f6nnen unter anderem verwendet werden, um die Identit\u00e4t zu \u00fcberpr\u00fcfen, Informationen zu verwalten, technischen Support anzubieten und vertragliche und gesetzliche Verpflichtungen zu erf\u00fcllen. Wir k\u00f6nnen wichtige Details durch Benachrichtigungen kommunizieren und mit Ihrer Zustimmung Informationen \u00fcber Produkte und Dienstleistungen per SMS, E-Mail usw. bereitstellen. Sie haben die M\u00f6glichkeit, Benachrichtigungseinstellungen zu verwalten und bestimmte Mitteilungen abzubestellen.<\/p><h3><strong>Von uns erfasste Informationen<\/strong><\/h3><p>Die pers\u00f6nlichen Daten, die Sie angeben m\u00fcssen, und die Gr\u00fcnde, warum Sie dazu aufgefordert werden, werden Ihnen zum Zeitpunkt der Aufforderung zur Angabe Ihrer pers\u00f6nlichen Daten klar mitgeteilt. Wenn Sie uns direkt kontaktieren, erhalten wir m\u00f6glicherweise zus\u00e4tzliche Informationen \u00fcber Sie, wie Ihren Namen, Ihre E-Mail-Adresse, Ihre Telefonnummer, den Inhalt der Nachricht und\/oder Anh\u00e4nge, die Sie uns senden, und alle anderen Informationen, die Sie uns m\u00f6glicherweise zur Verf\u00fcgung stellen. Wenn Sie sich f\u00fcr ein Konto registrieren, fragen wir Sie m\u00f6glicherweise nach Ihren Kontaktinformationen, einschlie\u00dflich Angaben wie Name, Firmenname, Adresse, E-Mail-Adresse und Telefonnummer.<\/p><h4><strong>2. Website; Besucher und Benutzer<\/strong><\/h4><h5><strong>2.1 Allgemein<\/strong><\/h5><p>In diesem Abschnitt werden die Einzelheiten der Datenerfassung von verschiedenen Gruppen beschrieben: Website-Besucher (\u201eBesucher\u201c), Benutzer (\u201eBenutzer\u201c) und Gesch\u00e4ftspartner (zusammen \u201ePartner\u201c). Zu den personenbezogenen Daten geh\u00f6ren IP-Adresse, Name, Kontaktdaten und Informationen \u00fcber die Beziehung zu uns, wie in den geltenden Datenschutzbestimmungen definiert.<\/p><h5><strong>2.2. Erhebung und Nutzung<\/strong><\/h5><p>Indem Sie die Website besuchen, stimmen Sie der Erfassung und Verwendung Ihrer personenbezogenen Daten zu. Wenn Sie diesen Bedingungen nicht zustimmen, sollten Sie die Website nicht besuchen. Wir k\u00f6nnen Informationen \u00fcber Seitenaufrufe, IP-Adressen und Cookies sammeln. Dar\u00fcber hinaus verarbeiten wir freiwillige Daten aus Formularen und Registrierungen.<\/p><h5><strong>2.3. Zweck der Verarbeitung personenbezogener Daten<\/strong><\/h5><p>Wir verarbeiten personenbezogene Daten, um unsere Website und Dienste zu verbessern, zu verstehen und zu personalisieren. Dazu geh\u00f6ren die Verbesserung der Genauigkeit, die Kommunikation \u00fcber Dienste, Support, vertragliche Verpflichtungen und die Zusammenarbeit mit Partnern. F\u00fcr jede Verarbeitung ist die Zustimmung oder Rechtsgrundlage erforderlich.<\/p><table><tbody><tr><td>Registrierung als Kontoinhaber<\/td><td>Ihre Zustimmung; Erbringung von Dienstleistungen oder vertraglichen Verpflichtungen<\/td><\/tr><tr><td>Bereitstellung und Nutzung von Diensten<\/td><td>Erbringung von Dienstleistungen oder Vertragspflichten<\/td><\/tr><tr><td>Betriebsupdates<\/td><td>Erbringung von Dienstleistungen oder Vertragspflichten<\/td><\/tr><tr><td>Beantwortung von Anfragen und Bereitstellung von Support<\/td><td>Berechtigte Interessen oder Erbringung von Dienstleistungen<\/td><\/tr><tr><td>Ma\u00dfgeschneiderte Dienstleistungen, Werbung und Marketing<\/td><td>Berechtigte Interessen oder Ihre Einwilligung<\/td><\/tr><tr><td>Verbesserung und Angebot neuer Dienste<\/td><td>Einwilligung und berechtigte Interessen<\/td><\/tr><tr><td>Versand von Werbe- und Marketingmaterialien<\/td><td>Ihre Einwilligung<\/td><\/tr><tr><td>Analyse der Effektivit\u00e4t von Marketingkampagnen<\/td><td>Berechtigte Interessen oder Einwilligung<\/td><\/tr><tr><td>Durchf\u00fchren diverser Supportt\u00e4tigkeiten<\/td><td>Berechtigte Interessen oder Erbringung von Dienstleistungen<\/td><\/tr><tr><td>Analyse, einschlie\u00dflich statistischer Analyse<\/td><td>Berechtigte Interessen<\/td><\/tr><tr><td>Schutz von Interessen, Rechten und Verm\u00f6genswerten<\/td><td>Berechtigte Interessen oder rechtliche Verpflichtungen<\/td><\/tr><\/tbody><\/table><h5><strong>2.4. Weitergabe personenbezogener Daten<\/strong><\/h5><p>Wir k\u00f6nnen Informationen an Dienstanbieter, Partner und Auftragnehmer weitergeben. F\u00fcr Besucher und Benutzer in der europ\u00e4ischen Datenregion entspricht die Datenverarbeitung der DSGVO, den Datenschutzgesetzen und den geltenden Vorschriften.<\/p><h4><strong>3. Partner<\/strong><\/h4><h5><strong>3.1 Allgemein<\/strong><\/h5><p>Um Dienste bereitzustellen und mit Partnern zusammenzuarbeiten, erfassen und verarbeiten wir bestimmte Datentypen. Partner sind f\u00fcr ihre Daten verantwortlich und wir k\u00f6nnen auf sichere Weise darauf zugreifen.<\/p><h5><strong>3.2. Verarbeitung personenbezogener Daten<\/strong><\/h5><p>Wir verlassen uns bei der Verarbeitung personenbezogener Daten auf die Zustimmung oder berechtigten Interessen unserer Partner. Datenaggregationen k\u00f6nnen zu Entwicklungszwecken und zur Qualit\u00e4tsverbesserung erstellt werden.<\/p><h5><strong>3.3. Verantwortlicher\/Auftragsverarbeiter<\/strong><\/h5><p>Je nach Datentyp k\u00f6nnen wir als Verantwortlicher oder als Auftragsverarbeiter fungieren:<\/p><ul><li>Alle Daten werden unter Einhaltung der h\u00f6chsten Sicherheitsstandards sicher gehostet. Wir implementieren physische, technische und organisatorische Sicherheitsvorkehrungen.<\/li><\/ul><h5><strong>3.4. Datenschutz bei Drittanbietern<\/strong><\/h5><p>Wenn die Dienste die Verarbeitung personenbezogener Daten auf einer Plattform eines Drittanbieters beinhalten:<\/p><ul><li>Wir agieren als Auftragsverarbeiter<\/li><li>Befolgen Sie die Anweisungen des Dritten<\/li><li>Implementieren Sie Sicherheitsma\u00dfnahmen<\/li><li>Informieren Sie \u00fcber Datenschutzverletzungen<\/li><li>Vergeben Sie keine Unterauftr\u00e4ge ohne Zustimmung<\/li><li>Verarbeiten Sie Daten nicht ohne Zustimmung au\u00dferhalb des Europ\u00e4ischen Wirtschaftsraums<\/li><li>Bei elektronischer Marketingkommunikation sind Einwilligungs- und Abmeldem\u00f6glichkeiten gew\u00e4hrleistet.<\/li><\/ul><h4><strong>4. Sicherheit<\/strong><\/h4><p>Wir ergreifen administrative, organisatorische und technische Sicherheitsvorkehrungen, um personenbezogene Daten vor unbefugtem Zugriff, Offenlegung, \u00c4nderung, Verlust, Missbrauch oder Besch\u00e4digung zu sch\u00fctzen. Wenn wir Daten an Dritte weitergeben, stellen wir sicher, dass diese dieselben Datenschutzstandards einhalten, und es bestehen vertragliche Verpflichtungen f\u00fcr eine ausschlie\u00dfliche, sichere Verarbeitung im Einklang mit dieser Richtlinie.<\/p><p>Wenn der Verdacht besteht, dass die Interaktion mit uns gef\u00e4hrdet ist, sollten Besucher, Benutzer oder Partner uns umgehend benachrichtigen. Es ist wichtig zu beachten, dass wir trotz unserer Sicherheitsma\u00dfnahmen keine vollst\u00e4ndige Immunit\u00e4t vor Hackerangriffen Dritter garantieren k\u00f6nnen. Benutzer sind sich der inh\u00e4renten Risiken und potenziellen Verst\u00f6\u00dfe bewusst.<\/p><h4><strong>5. Verwendung von Cookies<\/strong><\/h4><p>Beachten Sie unsere\u00a0<a href=\"https:\/\/xbt360ai.net\/de\/cookie-richtlinie\/\">Cookie-Richtlinie<\/a>\u00a0f\u00fcr detaillierte Informationen zu den auf der Website verwendeten Cookie-Typen und Tracking-Technologien, den Gr\u00fcnden f\u00fcr deren Verwendung und wie Sie diese akzeptieren oder ablehnen k\u00f6nnen.<\/p><h4><strong>6. Links zu anderen Websites<\/strong><\/h4><p>Beim Navigieren auf der Website k\u00f6nnen Benutzer auf Links zu externen Websites sto\u00dfen, auf die wir keinen Einfluss haben. Wir \u00fcbernehmen keine Verantwortung f\u00fcr den Inhalt oder die Datenschutzrichtlinien dieser Websites. Benutzern wird empfohlen, die Datenschutzrichtlinien solcher Websites und Dienste Dritter zu \u00fcberpr\u00fcfen, bevor sie personenbezogene Daten preisgeben.<\/p><h4><strong>7. Aufbewahrung und L\u00f6schung<\/strong><\/h4><p>Daten, einschlie\u00dflich personenbezogener Daten, werden nicht l\u00e4nger als n\u00f6tig gespeichert. Besucher und\/oder Benutzer mit aktiven Konten sind f\u00fcr die rechtzeitige L\u00f6schung der Daten verantwortlich. Nach Beendigung eines Kontos oder einer Partnerschaft werden die \u00fcber die Website und\/oder Dienste gesammelten personenbezogenen Daten gem\u00e4\u00df den geltenden Gesetzen und unseren internen Richtlinien gel\u00f6scht.<\/p><p>Der Widerruf der Einwilligung zur Verarbeitung personenbezogener Daten kann den Zugriff auf einige oder alle angeforderten Dienste einschr\u00e4nken, ohne dass Anspr\u00fcche oder Einw\u00e4nde geltend gemacht werden k\u00f6nnen.<\/p><h4><strong>8. Ihre Rechte<\/strong><\/h4><h5><strong>8.1. Auskunftsrecht<\/strong><\/h5><ul><li>Best\u00e4tigen Sie, ob personenbezogene Daten verarbeitet werden<\/li><li>Zugriff auf personenbezogene Daten und zugeh\u00f6rige Informationen<\/li><li>Informationen zu Verarbeitungszwecken, Kategorien, Empf\u00e4ngern, Speicherdauer, Rechten und Bestehen eines Profilings<\/li><\/ul><h5><strong>8.2. Recht auf Berichtigung<\/strong><\/h5><ul><li>Berichtigung unrichtiger personenbezogener Daten<\/li><li>Vervollst\u00e4ndigung unvollst\u00e4ndiger personenbezogener Daten<\/li><\/ul><h5><strong>8.3. Recht auf L\u00f6schung<\/strong><\/h5><ul><li>L\u00f6schung personenbezogener Daten aus bestimmten Gr\u00fcnden verlangen<\/li><\/ul><h5><strong>8.4. Recht auf Einschr\u00e4nkung der Verarbeitung<\/strong><\/h5><ul><li>Erwirken einer Einschr\u00e4nkung der Verarbeitung unter bestimmten Umst\u00e4nden<\/li><\/ul><h5><strong>8.5. Recht auf Daten\u00fcbertragbarkeit<\/strong><\/h5><ul><li>Erhalten Sie personenbezogene Daten in einem strukturierten, maschinenlesbaren Format<\/li><li>\u00dcbermittlung personenbezogener Daten an einen anderen Verantwortlichen<\/li><\/ul><h5><strong>8.6 Widerspruchsrecht<\/strong><\/h5><ul><li>Widerspruch gegen die Verarbeitung aufgrund berechtigter Interessen oder Direktmarketing<\/li><li>Einstellung der Verarbeitung, sofern keine zwingenden und\/oder rechtlichen Gr\u00fcnde vorliegen<\/li><\/ul><h5><strong>8.7. Recht auf Widerruf der Einwilligung<\/strong><\/h5><ul><li>Die Einwilligung zur Verarbeitung personenbezogener Daten k\u00f6nnen Sie jederzeit widerrufen<\/li><\/ul><h4><strong>9. Werbe- und Marketingmaterialien<\/strong><\/h4><p>Es wird die Zustimmung zur Nutzung personenbezogener Daten und Kontaktdaten f\u00fcr die Bereitstellung von Werbe- und Marketingmaterialien eingeholt. Der Widerruf der Zustimmung ist durch eine schriftliche Mitteilung an die angegebene E-Mail-Adresse m\u00f6glich.<\/p><h4><strong>10. Akzeptanz dieser Richtlinie<\/strong><\/h4><p>Durch die Nutzung der Website und\/oder Dienste wird davon ausgegangen, dass Besucher, Benutzer und\/oder Partner diese Richtlinie gelesen und ihr zugestimmt haben. Bei Nicht\u00fcbereinstimmung ist die Nutzung der Plattform untersagt. Wir behalten uns das Recht vor, die Richtlinie zu \u00e4ndern, und Benutzer werden aufgefordert, regelm\u00e4\u00dfig nach Aktualisierungen zu suchen. Die fortgesetzte Nutzung nach \u00c4nderungen gilt als Akzeptanz.<\/p><h4><strong>11. Gesetzliche Verpflichtung zur Bereitstellung personenbezogener Daten<\/strong><\/h4><p>Personenbezogene Daten k\u00f6nnen ohne vorherige Zustimmung weitergegeben werden, wenn davon ausgegangen wird, dass dies erforderlich ist, um die Identit\u00e4t festzustellen, Kontakt mit Personen aufzunehmen oder rechtliche Schritte gegen Personen einzuleiten, die im Verdacht stehen, Rechte oder Eigentum zu verletzen. Die Weitergabe erfolgt, wenn dies gesetzlich vorgeschrieben ist.<\/p><h4><strong>12. Datenschutzbeauftragter<\/strong><\/h4><p>F\u00fcr Fragen zum Datenschutz und zur Privatsph\u00e4re ist ein Datenschutzbeauftragter unter folgender Adresse erreichbar:\u00a0<a href=\"mailto:info@xbt360ai.net\"><strong><span class=\"email\">info@xbt360ai.net<\/span><\/strong><\/a><\/p>\t\t\t\t\t\t\t\t<\/div>\n\t\t\t\t\t<\/div>\n\t\t<\/div>\n\t\t\t\t\t<\/div>\n\t\t<\/section>\n\t\t\t\t<\/div>","protected":false},"excerpt":{"rendered":"<p>Privacy Policy Last updated:\u00a0September 2022 1. Introduction This statement outlines the privacy policy adopted by XBT 360 Ai (&#8220;us,&#8221; &#8220;we,&#8221; or &#8220;our&#8221;) concerning our products and services (the &#8220;Services&#8221;) and website\u00a0(the &#8220;Website&#8221;). Safeguarding your privacy and the confidentiality of your information is crucial to us in delivering our Services and operating the Website. Our Services [&hellip;]<\/p>\n","protected":false},"author":1,"featured_media":0,"parent":0,"menu_order":0,"comment_status":"closed","ping_status":"closed","template":"elementor_header_footer","meta":{"footnotes":""},"class_list":["post-16","page","type-page","status-publish","hentry"],"_links":{"self":[{"href":"https:\/\/xbt360ai.net\/de\/wp-json\/wp\/v2\/pages\/16","targetHints":{"allow":["GET"]}}],"collection":[{"href":"https:\/\/xbt360ai.net\/de\/wp-json\/wp\/v2\/pages"}],"about":[{"href":"https:\/\/xbt360ai.net\/de\/wp-json\/wp\/v2\/types\/page"}],"author":[{"embeddable":true,"href":"https:\/\/xbt360ai.net\/de\/wp-json\/wp\/v2\/users\/1"}],"replies":[{"embeddable":true,"href":"https:\/\/xbt360ai.net\/de\/wp-json\/wp\/v2\/comments?post=16"}],"version-history":[{"count":0,"href":"https:\/\/xbt360ai.net\/de\/wp-json\/wp\/v2\/pages\/16\/revisions"}],"wp:attachment":[{"href":"https:\/\/xbt360ai.net\/de\/wp-json\/wp\/v2\/media?parent=16"}],"curies":[{"name":"wp","href":"https:\/\/api.w.org\/{rel}","templated":true}]}}