{"id":18,"date":"2024-10-07T05:17:44","date_gmt":"2024-10-07T05:17:44","guid":{"rendered":"https:\/\/immediateacceleration.pro\/?page_id=18"},"modified":"2026-02-02T12:50:11","modified_gmt":"2026-02-02T12:50:11","slug":"cookie-richtlinie","status":"publish","type":"page","link":"https:\/\/xbt360ai.net\/de\/cookie-policy\/","title":{"rendered":"Cookie-Richtlinie"},"content":{"rendered":"<div data-elementor-type=\"wp-page\" data-elementor-id=\"18\" class=\"elementor elementor-18\" data-elementor-post-type=\"page\">\n\t\t\t\t\t\t<section class=\"elementor-section elementor-top-section elementor-element elementor-element-c59380d elementor-section-height-min-height elementor-section-boxed elementor-section-height-default elementor-section-items-middle\" data-id=\"c59380d\" data-element_type=\"section\" data-e-type=\"section\" data-settings=\"{&quot;background_background&quot;:&quot;classic&quot;}\">\n\t\t\t\t\t\t\t<div class=\"elementor-background-overlay\"><\/div>\n\t\t\t\t\t\t\t<div class=\"elementor-container elementor-column-gap-default\">\n\t\t\t\t\t<div class=\"elementor-column elementor-col-100 elementor-top-column elementor-element elementor-element-5248720\" data-id=\"5248720\" data-element_type=\"column\" data-e-type=\"column\">\n\t\t\t<div class=\"elementor-widget-wrap elementor-element-populated\">\n\t\t\t\t\t\t<div class=\"elementor-element elementor-element-4e8cabb elementor-widget elementor-widget-heading\" data-id=\"4e8cabb\" data-element_type=\"widget\" data-e-type=\"widget\" data-widget_type=\"heading.default\">\n\t\t\t\t\t<h1 class=\"elementor-heading-title elementor-size-default\">Cookie-Richtlinie<\/h1>\t\t\t\t<\/div>\n\t\t\t\t\t<\/div>\n\t\t<\/div>\n\t\t\t\t\t<\/div>\n\t\t<\/section>\n\t\t\t\t<section class=\"elementor-section elementor-top-section elementor-element elementor-element-d5f1e7e elementor-section-boxed elementor-section-height-default elementor-section-height-default\" data-id=\"d5f1e7e\" data-element_type=\"section\" data-e-type=\"section\">\n\t\t\t\t\t\t<div class=\"elementor-container elementor-column-gap-default\">\n\t\t\t\t\t<div class=\"elementor-column elementor-col-100 elementor-top-column elementor-element elementor-element-85febd6\" data-id=\"85febd6\" data-element_type=\"column\" data-e-type=\"column\">\n\t\t\t<div class=\"elementor-widget-wrap elementor-element-populated\">\n\t\t\t\t\t\t<div class=\"elementor-element elementor-element-a3a33c2 elementor-widget elementor-widget-text-editor\" data-id=\"a3a33c2\" data-element_type=\"widget\" data-e-type=\"widget\" data-widget_type=\"text-editor.default\">\n\t\t\t\t\t\t\t\t\t<p>Diese Richtlinie legt die Vorgehensweise fest (\u201c<b>XBT 360 AI<\/b>\u201c oder die\u00a0<b>\u201eWebsite-Herausgeber\u201c<\/b>\u00a0oder \"<b>Uns<\/b>\" oder \"<b>Wir<\/b>\u201c), f\u00fcr Cookies, die auf der Website verwendet werden, verf\u00fcgbar unter <strong><a href=\"https:\/\/xbt360ai.net\/de\/\">xbt360ai.net<\/a> <\/strong>(the \u201c<b>Webseite<\/b>\u201d).<\/p><p>Wenn Sie auf der Website surfen, k\u00f6nnen Cookies auf Ihrem Ger\u00e4t (Computer, Tablet, Smartphone usw.) abgelegt werden. Die Cookies speichern Informationen \u00fcber Ihr Surfverhalten auf unserer Website (z. B. von Ihnen besuchte Seiten, IP-Adresse, Datum und Uhrzeit Ihres Besuchs usw.), die wir bei Ihren n\u00e4chsten Besuchen lesen k\u00f6nnen.<\/p><h4><strong>1. Was sind Cookies?<\/strong><\/h4><p>Cookies sind Textdateien, die eine kleine Menge an Informationen enthalten und beim Besuch einer Website auf Ihr Ger\u00e4t heruntergeladen werden. Bei jedem nachfolgenden Besuch werden die Cookies an die urspr\u00fcngliche Website oder an eine andere Website, die sie erkennt, zur\u00fcckgesendet. Cookies sind daher n\u00fctzlich, da sie es einer Website erm\u00f6glichen, das Ger\u00e4t eines Benutzers zu erkennen.<\/p><p>Cookies erf\u00fcllen verschiedene Funktionen, z. B. erm\u00f6glichen sie Ihnen das effiziente Browsen zwischen verschiedenen Seiten, speichern Ihre Einstellungen, verbessern Ihr Erlebnis auf der Website und erm\u00f6glichen Ihnen die Anzeige personalisierter Werbung.<\/p><p>Weitere Informationen zur Verarbeitung Ihrer personenbezogenen Daten finden Sie unter <strong><a href=\"https:\/\/xbt360ai.net\/de\/\">xbt360ai.net<\/a> <\/strong>Data Privacy Notice.<\/p><p><strong>2. Wer darf Cookies auf Ihrem Ger\u00e4t platzieren?<\/strong><\/p><p>Cookies k\u00f6nnen vom Herausgeber der Website oder von Dritten platziert werden.<\/p><h4 class=\"bold\"><strong>3. Wof\u00fcr werden Cookies verwendet?<\/strong><\/h4><p>Wir k\u00f6nnen die folgenden Kategorien von Cookies auf Ihrem Ger\u00e4t platzieren:<\/p><table class=\"table table-bordered\"><thead><tr><td><b>Kategorie von Cookies<\/b><\/td><td><b>Zweck<\/b><\/td><\/tr><\/thead><tbody><tr><td>Unbedingt erforderliche Cookies<\/td><td><p>Diese Cookies sind unbedingt erforderlich, damit Sie auf der Website navigieren und die von Ihnen angeforderten Funktionen nutzen k\u00f6nnen. Sie werden verwendet, um Ihnen unsere von Ihnen angeforderten Inhalte, Produkte und Dienstleistungen bereitzustellen.<\/p><p>Solche Cookies sind unbedingt erforderlich, damit Ihr Ger\u00e4t Informationen herunterladen oder streamen kann, sodass Sie auf der Website navigieren, ihre Funktionen nutzen und zu zuvor besuchten Seiten zur\u00fcckkehren k\u00f6nnen.<\/p><p>Diese Cookies erfassen Ihre personenbezogenen Daten, beispielsweise Benutzername und Datum der letzten Anmeldung, und identifizieren Sie als auf der Website angemeldeten Benutzer.<\/p><p>Diese Cookies werden nach dem Schlie\u00dfen Ihres Webbrowsers gel\u00f6scht (Session-Cookies).<\/p><\/td><\/tr><tr><td>Funktionale Cookies<\/td><td><p>Diese Cookies werden verwendet, um Sie bei Ihrem n\u00e4chsten Besuch auf der Website wiederzuerkennen und erm\u00f6glichen es uns, Ihre Auswahl und Pr\u00e4ferenzen zu speichern.<\/p><p>Diese Cookies \u00fcberdauern das Schlie\u00dfen Ihres Webbrowsers und bleiben bis zu ihrem jeweiligen Ablaufdatum bestehen.<\/p><\/td><\/tr><tr><td>Leistungs-Cookies<\/td><td><p>Diese Cookies werden verwendet, um aggregierte Statistiken zur Leistung der Website zu erstellen und diese Leistung zu testen und zu verbessern, um eine bessere Benutzererfahrung zu bieten. Dar\u00fcber hinaus erm\u00f6glichen sie es uns, analytische Funktionen auf der Website durchzuf\u00fchren.<\/p><p>Diese Cookies sammeln anonymisierte Daten, die sich nicht auf eine identifizierte oder identifizierbare nat\u00fcrliche Person beziehen.<\/p><p>Die G\u00fcltigkeit dieser Cookies ist unterschiedlich lang, manche werden nach der Schlie\u00dfung des Browsers gel\u00f6scht, andere haben eine unbegrenzte G\u00fcltigkeitsdauer.<\/p><\/td><\/tr><\/tbody><\/table><p>Eine vollst\u00e4ndige Liste der auf unserer Website verwendeten Cookies finden Sie hier: <a href=\"https:\/\/xbt360ai.net\/de\/\"><b>xbt360ai.net<\/b><\/a><\/p><h4 class=\"bold\"><strong>4. Wie verwalte ich meine Cookie-Einstellungen?<\/strong><\/h4><p>Die Verwendung bestimmter Cookies bedarf Ihrer vorherigen Zustimmung f\u00fcr den jeweiligen Zweck. Bitte beachten Sie, dass f\u00fcr unbedingt erforderliche Cookies keine vorherige Zustimmung erforderlich ist.<\/p><p>For other cookies, in order to obtain your consent, we use a cookie management tool that allows you to inform Us of your preferences when you first visit the Website. You may also change your preferences at any time, including disabling cookies, by using the cookies management tool available here: <strong><a href=\"https:\/\/xbt360ai.net\/de\/\">xbt360ai.net<\/a><\/strong>.<\/p><p>Sie k\u00f6nnen Cookies auch deaktivieren, indem Sie die Einstellungen Ihres Browsers \u00e4ndern. Dadurch k\u00f6nnen Sie die Platzierung aller oder eines Teils der Cookies ablehnen.<\/p><p>Abh\u00e4ngig von den spezifischen Cookies, wenn Sie alle oder bestimmte Cookies deaktivieren:<\/p><ul><li>M\u00f6glicherweise haben Sie keinen Zugriff mehr auf die gesamte Website oder Teile davon.<\/li><li>Ein Teil oder alle der auf der Website angebotenen Dienste funktionieren m\u00f6glicherweise nicht ordnungsgem\u00e4\u00df;<\/li><li>Wir werden m\u00f6glicherweise nicht mehr \u00fcber Ihr Surfverhalten auf der Website informiert; und<\/li><li>Die auf der Website oder Websites Dritter angezeigte Werbung ist m\u00f6glicherweise weniger personalisiert.<\/li><\/ul><p>Durch das Deaktivieren eines Cookies oder einer Kategorie von Cookies werden diese nicht aus Ihrem Browser entfernt. Zum Entfernen m\u00fcssen Sie in Ihrem Browser eine bestimmte Aktion ausf\u00fchren.<\/p><p>Wenn Sie die Cookie-Einstellungen \u00e4ndern m\u00f6chten, gehen Sie bitte zum Men\u00fc \u201eOptionen\u201c oder \u201eEinstellungen\u201c Ihres Browsers. Weitere Informationen finden Sie im Abschnitt \u201eHilfe\u201c Ihres Browsers.<\/p><p>Um mehr \u00fcber die Cookie-Einstellungen Ihres Browsers zu erfahren, klicken Sie bitte auf die folgenden Links:<\/p><ul><li><span style=\"color: #000000;\"><strong><a style=\"color: #000000;\" href=\"https:\/\/support.microsoft.com\/fr-fr\/microsoft-edge\/supprimer-les-cookies-dans-microsoft-edge-63947406-40ac-c3b8-57b9-2a946a29ae09\" target=\"_blank\" rel=\"noopener\">Rand<\/a><\/strong><\/span><\/li><li><span style=\"color: #000000;\"><strong><a style=\"color: #000000;\" href=\"https:\/\/support.mozilla.org\/fr\/kb\/activer-desactiver-cookies?redirectlocale=fr&amp;redirectslug=Activer+et+d%C3%A9sactiver+les+cookies\" target=\"_blank\" rel=\"noopener\">Feuerfuchs<\/a><\/strong><\/span><\/li><li><span style=\"color: #000000;\"><strong><a style=\"color: #000000;\" href=\"https:\/\/support.google.com\/chrome\/answer\/95647?hl=fr&amp;hlrm=en\" target=\"_blank\" rel=\"noopener\">Chrom<\/a><\/strong><\/span><\/li><li><span style=\"color: #000000;\"><strong><a style=\"color: #000000;\" href=\"https:\/\/support.apple.com\/kb\/HT1677?viewlocale=fr_FR\" target=\"_blank\" rel=\"noopener\">Safari<\/a><\/strong><\/span><\/li><\/ul><h4 class=\"bold\"><strong>5. \u00c4nderungen der Cookie-Richtlinie<\/strong><\/h4><p>Diese Cookie-Richtlinie kann regelm\u00e4\u00dfig aktualisiert werden, um \u00c4nderungen unserer Cookie-Praktiken widerzuspiegeln. Wir werden Sie \u00fcber solche \u00c4nderungen, einschlie\u00dflich des Datums ihres Inkrafttretens, informieren.<\/p>\t\t\t\t\t\t\t\t<\/div>\n\t\t\t\t\t<\/div>\n\t\t<\/div>\n\t\t\t\t\t<\/div>\n\t\t<\/section>\n\t\t\t\t<\/div>","protected":false},"excerpt":{"rendered":"<p>Cookie Policy This policy sets forth the practice of\u00a0 (&#8220;XBT 360 AI&#8221; or the\u00a0\u201cWebsite Publisher\u201d\u00a0or &#8220;Us&#8221; or &#8220;We&#8220;), for cookies used on the website available at xbt360ai.net (the \u201cWebsite\u201d). When you browse the Website, cookies may be placed on your device (computer, tablet, smartphone, etc.). The cookies save information about your browsing on our Website [&hellip;]<\/p>\n","protected":false},"author":1,"featured_media":0,"parent":0,"menu_order":0,"comment_status":"closed","ping_status":"closed","template":"elementor_header_footer","meta":{"footnotes":""},"class_list":["post-18","page","type-page","status-publish","hentry"],"_links":{"self":[{"href":"https:\/\/xbt360ai.net\/de\/wp-json\/wp\/v2\/pages\/18","targetHints":{"allow":["GET"]}}],"collection":[{"href":"https:\/\/xbt360ai.net\/de\/wp-json\/wp\/v2\/pages"}],"about":[{"href":"https:\/\/xbt360ai.net\/de\/wp-json\/wp\/v2\/types\/page"}],"author":[{"embeddable":true,"href":"https:\/\/xbt360ai.net\/de\/wp-json\/wp\/v2\/users\/1"}],"replies":[{"embeddable":true,"href":"https:\/\/xbt360ai.net\/de\/wp-json\/wp\/v2\/comments?post=18"}],"version-history":[{"count":0,"href":"https:\/\/xbt360ai.net\/de\/wp-json\/wp\/v2\/pages\/18\/revisions"}],"wp:attachment":[{"href":"https:\/\/xbt360ai.net\/de\/wp-json\/wp\/v2\/media?parent=18"}],"curies":[{"name":"wp","href":"https:\/\/api.w.org\/{rel}","templated":true}]}}