{"id":14,"date":"2024-10-07T05:16:50","date_gmt":"2024-10-07T05:16:50","guid":{"rendered":"https:\/\/immediateacceleration.pro\/?page_id=14"},"modified":"2026-02-02T12:39:52","modified_gmt":"2026-02-02T12:39:52","slug":"conditions-dutilisation","status":"publish","type":"page","link":"https:\/\/xbt360ai.net\/fr\/terms-of-use\/","title":{"rendered":"Terms"},"content":{"rendered":"<div data-elementor-type=\"wp-page\" data-elementor-id=\"14\" class=\"elementor elementor-14\" data-elementor-post-type=\"page\">\n\t\t\t\t\t\t<section class=\"elementor-section elementor-top-section elementor-element elementor-element-142b5ac elementor-section-height-min-height elementor-section-boxed elementor-section-height-default elementor-section-items-middle\" data-id=\"142b5ac\" data-element_type=\"section\" data-e-type=\"section\" data-settings=\"{&quot;background_background&quot;:&quot;classic&quot;}\">\n\t\t\t\t\t\t\t<div class=\"elementor-background-overlay\"><\/div>\n\t\t\t\t\t\t\t<div class=\"elementor-container elementor-column-gap-default\">\n\t\t\t\t\t<div class=\"elementor-column elementor-col-100 elementor-top-column elementor-element elementor-element-4e904f0\" data-id=\"4e904f0\" data-element_type=\"column\" data-e-type=\"column\">\n\t\t\t<div class=\"elementor-widget-wrap elementor-element-populated\">\n\t\t\t\t\t\t<div class=\"elementor-element elementor-element-4a75602 elementor-widget elementor-widget-heading\" data-id=\"4a75602\" data-element_type=\"widget\" data-e-type=\"widget\" data-widget_type=\"heading.default\">\n\t\t\t\t\t<h1 class=\"elementor-heading-title elementor-size-default\">TERMES ET CONDITIONS\n<\/h1>\t\t\t\t<\/div>\n\t\t\t\t\t<\/div>\n\t\t<\/div>\n\t\t\t\t\t<\/div>\n\t\t<\/section>\n\t\t\t\t<section class=\"elementor-section elementor-top-section elementor-element elementor-element-4e267e4 elementor-section-boxed elementor-section-height-default elementor-section-height-default\" data-id=\"4e267e4\" data-element_type=\"section\" data-e-type=\"section\">\n\t\t\t\t\t\t<div class=\"elementor-container elementor-column-gap-default\">\n\t\t\t\t\t<div class=\"elementor-column elementor-col-100 elementor-top-column elementor-element elementor-element-cca1c71\" data-id=\"cca1c71\" data-element_type=\"column\" data-e-type=\"column\">\n\t\t\t<div class=\"elementor-widget-wrap elementor-element-populated\">\n\t\t\t\t\t\t<div class=\"elementor-element elementor-element-aa41f01 elementor-drop-cap-yes elementor-drop-cap-view-default elementor-widget elementor-widget-text-editor\" data-id=\"aa41f01\" data-element_type=\"widget\" data-e-type=\"widget\" data-settings=\"{&quot;drop_cap&quot;:&quot;yes&quot;}\" data-widget_type=\"text-editor.default\">\n\t\t\t\t\t\t\t\t\t<p>Merci d'avoir visit\u00e9 notre <a href=\"https:\/\/xbt360ai.net\/fr\/\"><strong>site web<\/strong><\/a>\u00a0(le \u00ab Site Web \u00bb) sur lequel vous avez trouv\u00e9 le lien vers les pr\u00e9sentes Conditions g\u00e9n\u00e9rales (le \u00ab Site Web \u00bb) et vers notre\u00a0<strong><a href=\"https:\/\/xbt360ai.net\/fr\/politique-de-confidentialite\/\">politique de confidentialit\u00e9<\/a> <\/strong>(la \u00ab\u00a0Politique de confidentialit\u00e9\u00a0\u00bb). Ce site Web est exploit\u00e9 et contr\u00f4l\u00e9 par <strong>Xbt 360 AI<\/strong> et toutes soci\u00e9t\u00e9s holding, filiales ou entit\u00e9s li\u00e9es, toutes appel\u00e9es <strong>Xbt 360 AI<\/strong>. Le site Web est notre propri\u00e9t\u00e9 (d\u00e9sign\u00e9 collectivement par \u00ab nous \u00bb, \u00ab notre \u00bb ou \u00ab nos \u00bb) et vous pouvez nous contacter \u00e0 tout moment par e-mail \u00e0 l'adresse suivante\u00a0:<strong><a href=\"mailto:info@xbt360ai.net\"> info@xbt360ai.net<\/a><\/strong><\/p><p>En acc\u00e9dant au site Web ou en utilisant nos produits et\/ou services (\u00ab Services des fournisseurs \u00bb et collectivement avec les services d'abonnement, d\u00e9nomm\u00e9s \u00ab Services \u00bb), vous acceptez de respecter les pr\u00e9sentes conditions d'utilisation (\u00ab Conditions \u00bb) et notre politique de confidentialit\u00e9. Ces conditions comprennent les r\u00e8gles de fonctionnement, les politiques, les informations et d'autres conditions suppl\u00e9mentaires. Nous nous r\u00e9servons le droit de modifier les conditions de temps \u00e0 autre sans pr\u00e9avis et \u00e0 notre discr\u00e9tion. Il est de votre responsabilit\u00e9 de consulter r\u00e9guli\u00e8rement cette page pour conna\u00eetre les mises \u00e0 jour des conditions, qui entreront en vigueur une fois publi\u00e9es. Votre utilisation continue du site Web sera consid\u00e9r\u00e9e comme une acceptation des conditions.<\/p><p>Veuillez lire attentivement l'int\u00e9gralit\u00e9 des termes et conditions des pr\u00e9sentes Conditions g\u00e9n\u00e9rales. Si vous n'\u00eates pas d'accord avec une quelconque partie de celles-ci, vous n'\u00eates pas autoris\u00e9 \u00e0 utiliser les Services ou le Site Web de quelque mani\u00e8re que ce soit. Nous nous r\u00e9servons le droit de refuser l'acc\u00e8s aux Services et\/ou au Site Web \u00e0 notre seule discr\u00e9tion.<\/p><h4><strong>AUCUN CONSEIL D'INVESTISSEMENT<\/strong><\/h4><p>Sauf mention contraire expresse, ce site Internet n'est pas con\u00e7u pour fournir des conseils financiers ou d'investissement personnels. Les informations fournies ne tiennent pas compte de vos objectifs d'investissement particuliers, de votre situation financi\u00e8re ou de vos besoins d'investissement.<\/p><p>Vous devez \u00e9valuer si les informations contenues sur ce site Internet sont adapt\u00e9es \u00e0 vos objectifs d'investissement, \u00e0 votre situation financi\u00e8re et \u00e0 vos besoins d'investissement particuliers. Vous devez le faire avant de prendre une d\u00e9cision d'investissement sur la base des informations fournies sur ce site Internet ou en relation avec celui-ci. Vous pouvez soit effectuer cette \u00e9valuation vous-m\u00eame, soit demander l'aide professionnelle d'un conseiller financier ind\u00e9pendant.<\/p><p>Sauf indication contraire expresse, les informations contenues sur ce site Web ne constituent pas une recommandation d\u2019investissement dans des produits ou services financiers propos\u00e9s par un membre du groupe de soci\u00e9t\u00e9s IG.<\/p><h4><strong>PRODUITS ET SERVICES<\/strong><\/h4><p>Tous les produits et services mentionn\u00e9s sur ce site Web ne sont pas n\u00e9cessairement fournis par nous. L'identification ou l'utilisation de produits, services, sites Web ou r\u00e9seaux tiers ne constitue pas une approbation de ces produits, services, sites Web ou r\u00e9seaux. Ce site Web peut vous permettre d'acc\u00e9der \u00e0 des sites Web et r\u00e9seaux fournis par des personnes autres que nous via un lien hypertexte ou autre.<\/p><p>Nous d\u00e9clinons toute responsabilit\u00e9 concernant les \u00e9l\u00e9ments contenus sur un site Web ou un r\u00e9seau qui ne rel\u00e8ve pas de notre contr\u00f4le direct. Vous reconnaissez que votre acc\u00e8s \u00e0 ces autres sites Web ou r\u00e9seaux via un tel lien peut nous obliger \u00e0 fournir certaines informations vous concernant au propri\u00e9taire de ce site Web ou de ce r\u00e9seau. Rien dans ce site Web n'est destin\u00e9 \u00e0 \u00eatre ni ne doit \u00eatre compris par vous comme \u00e9tant un conseil en investissement ou financier de notre part.<\/p><h4><strong>PORT\u00c9E ET MODIFICATION<\/strong><\/h4><p>Vous acceptez les conditions d\u00e9crites dans le pr\u00e9sent document concernant votre utilisation de notre site Web. Ces conditions constituent l'int\u00e9gralit\u00e9 de l'accord entre vous et nous, rempla\u00e7ant tous les accords, repr\u00e9sentations, garanties et ententes ant\u00e9rieurs concernant le site Web.<\/p><p>Veuillez noter que les pr\u00e9sentes Conditions peuvent \u00eatre modifi\u00e9es p\u00e9riodiquement. Si nous modifions les pr\u00e9sentes Conditions, nous vous informerons des choix qui s'offrent \u00e0 vous en raison de ces modifications. De plus, nous publierons un avis indiquant la modification. Votre utilisation continue du Site Web et\/ou de nos Services implique votre plein accord pour vous conformer aux conditions g\u00e9n\u00e9rales mises \u00e0 jour en vigueur \u00e0 ce moment-l\u00e0. Il est de votre responsabilit\u00e9 de consulter r\u00e9guli\u00e8rement cette page pour prendre connaissance des mises \u00e0 jour et\/ou des modifications.<\/p><h4><strong>EXIGENCES<\/strong><\/h4><p>Le site Web et nos services sont exclusivement accessibles aux personnes habilit\u00e9es \u00e0 conclure des contrats juridiquement contraignants en vertu de la loi applicable. Ils ne sont pas destin\u00e9s \u00e0 \u00eatre utilis\u00e9s par des personnes de moins de dix-huit (18) ans. Si vous avez moins de dix-huit (18) ans, vous n'\u00eates pas autoris\u00e9 \u00e0 utiliser et\/ou \u00e0 acc\u00e9der au site Web et\/ou aux services.<\/p><h4><strong>DESCRIPTION DES SERVICES<\/strong><\/h4><p><i>Services d'abonnement :<\/i>\u00a0Apr\u00e8s vous \u00eatre inscrit sur le site Web et avoir re\u00e7u notre approbation, vous pouvez obtenir ou tenter d'obtenir des services d'abonnement moyennant des frais ou gratuitement. Ces services fournissent du contenu de courrier \u00e9lectronique, du texte et d'autres \u00e9l\u00e9ments (\u00ab Contenu d'abonnement \u00bb) pertinents pour le marketing en ligne de notre part et de partenaires tiers (\u00ab Fournisseurs tiers \u00bb). Il ne s'agit pas de conseils en investissement. Vous comprenez et acceptez que nous ne sommes pas responsables de l'exactitude, de l'exhaustivit\u00e9 ou de la pertinence du Contenu d'abonnement.<\/p><p><i>Services des fournisseurs et des tiers :<\/i>\u00a0En remplissant les formulaires d'inscription, vous pouvez obtenir ou tenter d'obtenir certains produits et\/ou services du site Web. Les descriptions de produits et\/ou de services sur le site Web peuvent \u00eatre fournies par des fournisseurs tiers. Nous ne garantissons pas l'exactitude ou l'exhaustivit\u00e9 de ces descriptions. Vous comprenez et acceptez que nous ne sommes pas responsables de votre incapacit\u00e9 \u00e0 obtenir des produits et\/ou des services du site Web ou de ses partenaires affili\u00e9s, ni de tout litige avec les vendeurs de produits, les distributeurs ou les fournisseurs tiers avec lesquels vous pourriez interagir en relation avec le site Web.<\/p><p><i>G\u00e9n\u00e9ral:<\/i>\u00a0Pour utiliser les Services, vous devez fournir des Donn\u00e9es d'inscription exactes et nous nous r\u00e9servons le droit de rejeter les donn\u00e9es incompl\u00e8tes, frauduleuses ou inacceptables. Sauf mention explicite contraire, toute offre future am\u00e9liorant les fonctionnalit\u00e9s du site Web sera soumise aux pr\u00e9sentes Conditions. Vous acceptez que nous ne soyons pas responsables de votre incapacit\u00e9 \u00e0 utiliser et\/ou \u00e0 b\u00e9n\u00e9ficier des Services et de toute modification, suspension ou interruption.<\/p><h4><strong>DROITS DE PROPRI\u00c9T\u00c9<\/strong><\/h4><p>Le site Web, le contenu et les services, y compris l'organisation, les graphiques, la conception, la compilation, les logiciels et d'autres \u00e9l\u00e9ments, sont prot\u00e9g\u00e9s par les droits d'auteur, les marques commerciales et autres droits de propri\u00e9t\u00e9 applicables. La reproduction, la redistribution ou la vente de toute partie du site Web, du contenu et\/ou des services est strictement interdite. La r\u00e9cup\u00e9ration de mat\u00e9riel par des moyens automatis\u00e9s ou le scraping \u00e0 quelque fin que ce soit sans autorisation \u00e9crite est interdite. Vous n'acqu\u00e9rez aucun droit de propri\u00e9t\u00e9 sur aucun contenu, document, logiciel, service ou mat\u00e9riel sur le site Web. Notre nom, notre logo, nos graphiques, nos ic\u00f4nes et nos noms de service sont des marques commerciales. L'utilisation non autoris\u00e9e de toute marque commerciale est strictement interdite.<\/p><h4><strong>INFORMATIONS CONFIDENTIELLES<\/strong><\/h4><p>Les informations confidentielles d\u00e9signent les informations exclusives identifi\u00e9es comme telles et excluent les informations connues du public, les connaissances pr\u00e9existantes, les informations d\u00e9velopp\u00e9es de mani\u00e8re ind\u00e9pendante ou les informations re\u00e7ues d'un tiers sans restriction de divulgation. L'obligation de prot\u00e9ger les informations confidentielles expire un (1) an apr\u00e8s la r\u00e9siliation.<\/p><h5><strong>L'HYPERLIENS VERS LE SITE WEB, LE CO-BRANDING, LE \u00ab FRAMING \u00bb ET\/OU LE R\u00c9F\u00c9RENCEMENT DU SITE WEB SONT INTERDITS<\/strong><\/h5><p>Il est interdit de cr\u00e9er des liens hypertexte entre le site Web ou des parties de celui-ci et un autre site Web sans notre autorisation expresse. Il est strictement interdit de \u00ab cadrer \u00bb le site Web ou de faire r\u00e9f\u00e9rence \u00e0 l'Uniform Resource Locator (\u00ab URL \u00bb) sans notre autorisation \u00e9crite. Une coop\u00e9ration pour supprimer un tel contenu ou une telle activit\u00e9 est requise, et vous \u00eates responsable de tous les dommages associ\u00e9s.<\/p><h4><strong>\u00c9DITION, SUPPRESSION ET MODIFICATION<\/strong><\/h4><p>Nous nous r\u00e9servons le droit de modifier et\/ou de supprimer tout document, information ou contenu du site Web sans pr\u00e9avis.<\/p><h4><strong>CLAUSE DE NON-RESPONSABILIT\u00c9<\/strong><\/h4><p>Le site web, les services, le contenu et tout produit tiers sont fournis \u00ab\u00a0en l'\u00e9tat\u00a0\u00bb et \u00ab\u00a0selon disponibilit\u00e9\u00a0\u00bb, toutes les garanties, expresses et implicites, \u00e9tant exclues dans toute la mesure permise par la loi applicable. Nous ne garantissons pas que le site web, les services, le contenu et\/ou les produits tiers r\u00e9pondront \u00e0 vos besoins, ni qu'ils seront ininterrompus, rapides, s\u00e9curis\u00e9s ou exempts d'erreurs. Vous reconnaissez que nous ne sommes pas responsables de toute r\u00e9clamation li\u00e9e \u00e0 l'impossibilit\u00e9 d'utiliser le site web, les services, le contenu et\/ou les produits tiers. Le site web peut contenir des bugs, des erreurs ou des limitations, et nous ne sommes pas responsables de la disponibilit\u00e9 de la connexion Internet.<\/p><h4><strong>LIMITATION DE RESPONSABILIT\u00c9<\/strong><\/h4><p>Nous ne sommes pas responsables des dommages directs, indirects, accessoires, sp\u00e9ciaux ou exemplaires, y compris la perte de profits, de client\u00e8le, d'utilisation, de donn\u00e9es ou toute autre perte immat\u00e9rielle. Cette limitation s'applique \u00e0 toutes les causes d'action, y compris la rupture de contrat, la garantie, la n\u00e9gligence, la responsabilit\u00e9 stricte, les fausses d\u00e9clarations et tout autre d\u00e9lit. Vous nous d\u00e9gagez, ainsi que nos fournisseurs tiers, de toute obligation, responsabilit\u00e9 et r\u00e9clamation au-del\u00e0 de la limitation indiqu\u00e9e. Si la loi applicable ne permet pas cette limitation, notre responsabilit\u00e9 maximale, en toutes circonstances, sera de cinq cents dollars (500,00 $).<\/p><h4><strong>INDEMNIT\u00c9<\/strong><\/h4><p>Vous acceptez de nous indemniser et de nous d\u00e9gager de toute responsabilit\u00e9, ainsi que nos partenaires, filiales, soci\u00e9t\u00e9s affili\u00e9es et leurs membres, dirigeants, administrateurs, employ\u00e9s, agents et partenaires respectifs, de toute r\u00e9clamation, d\u00e9pense, dommage, poursuite, co\u00fbt, demande et\/ou jugement rendu par un tiers en raison ou d\u00e9coulant de votre utilisation du site Web, des services ou du contenu ; de votre violation des pr\u00e9sentes conditions ; et\/ou de votre violation des droits d'une autre personne et\/ou entit\u00e9.<\/p><h4><strong>SITES WEB TIERS<\/strong><\/h4><p>Le site Web peut fournir des liens vers d'autres sites Web et\/ou ressources appartenant \u00e0 des fournisseurs tiers. Nous ne sommes pas responsables de la disponibilit\u00e9 de ces sites Web et\/ou ressources tiers, ni de leur contenu, et nous n'approuvons ni n'assumons aucune responsabilit\u00e9 pour leurs conditions, politiques de confidentialit\u00e9, contenu, publicit\u00e9, services, produits ou mat\u00e9riels.<\/p><h4><strong>POLITIQUE DE CONFIDENTIALIT\u00c9\/INFORMATIONS VISITEURS<\/strong><\/h4><p>Votre utilisation du site Web et tous les commentaires, retours, informations, donn\u00e9es d'inscription et\/ou documents soumis sont soumis \u00e0 notre politique de confidentialit\u00e9. Nous nous r\u00e9servons le droit d'utiliser les informations concernant votre utilisation du site Web et les informations personnellement identifiables conform\u00e9ment \u00e0 notre politique de confidentialit\u00e9 et aux lois applicables en mati\u00e8re de protection des donn\u00e9es.<\/p><h4><strong>AVERTISSEMENT JURIDIQUE<\/strong><\/h4><p>Toute tentative d\u2019endommager, d\u00e9truire, alt\u00e9rer, vandaliser ou interf\u00e9rer avec le fonctionnement du site Web constitue une violation du droit p\u00e9nal et civil. Nous poursuivrons toute action contre toute personne ou entit\u00e9 contrevenante dans toute la mesure permise par la loi et en \u00e9quit\u00e9.<\/p><h4><strong>CHOIX DE LA LOI ET DU LIEU<\/strong><\/h4><p>Les pr\u00e9sentes Conditions g\u00e9n\u00e9rales sont r\u00e9gies et interpr\u00e9t\u00e9es conform\u00e9ment aux lois du Royaume-Uni. Les parties tenteront de n\u00e9gocier de bonne foi un r\u00e8glement \u00e0 l'amiable pour toute r\u00e9clamation ou tout litige d\u00e9coulant des pr\u00e9sentes Conditions g\u00e9n\u00e9rales ou li\u00e9 \u00e0 celles-ci. Si les parties ne parviennent pas \u00e0 s'entendre sur les conditions, le litige sera soumis exclusivement \u00e0 une proc\u00e9dure d'arbitrage confidentielle devant un arbitre unique \u00e0 Londres conform\u00e9ment aux r\u00e8gles de la CCI, dont la sentence sera d\u00e9finitive et contraignante. Aucune partie ne d\u00e9posera de r\u00e9clamation aupr\u00e8s de son tribunal local de domicile ou de toute autre instance.<\/p><h4><strong>ADDENDUM SUR LA PROTECTION DES DONN\u00c9ES<\/strong><\/h4><p>Cet addenda relatif \u00e0 la protection des donn\u00e9es fait partie de nos conditions g\u00e9n\u00e9rales. Les termes utilis\u00e9s dans le pr\u00e9sent document ont la signification sp\u00e9cifi\u00e9e dans cet addenda. Sauf modification ci-dessous, les conditions restent pleinement en vigueur.<\/p><ol class=\"nested-list\"><li><b>D\u00e9finitions<\/b><br \/><ol class=\"nested-list\"><li><b>Lois applicables :<\/b>\u00a0Lois de l'UE ou des \u00c9tats membres concernant les donn\u00e9es personnelles soumises aux lois de l'UE sur la protection des donn\u00e9es et autres lois applicables aux donn\u00e9es personnelles soumises \u00e0 d'autres lois sur la protection des donn\u00e9es.<\/li><li><b>Contr\u00f4leur:<\/b>\u00a0Entit\u00e9 d\u00e9terminant les finalit\u00e9s et les moyens du traitement des Donn\u00e9es Personnelles.<\/li><li><b>Lois sur la protection des donn\u00e9es :<\/b>\u00a0Lois de l\u2019UE sur la protection des donn\u00e9es et lois sur la protection des donn\u00e9es ou la confidentialit\u00e9 de tout autre pays.<\/li><li><b>Lois de l'UE sur la protection des donn\u00e9es :<\/b>\u00a0Directive europ\u00e9enne 95\/46\/CE, RGPD et lois connexes.<\/li><li><b>RGPD :<\/b>\u00a0R\u00e8glement g\u00e9n\u00e9ral sur la protection des donn\u00e9es de l'UE 2016\/679.<\/li><\/ol><\/li><li><b>Collecte et traitement des donn\u00e9es personnelles<\/b><br \/><ol class=\"nested-list\"><li>Nous acceptons de respecter toutes les lois applicables en mati\u00e8re de protection des donn\u00e9es dans le cadre du traitement des donn\u00e9es personnelles.<br \/><ol class=\"nested-list\"><li>Nous d\u00e9clarons et garantissons que nous disposons des autorisations et consentements n\u00e9cessaires des personnes concern\u00e9es pour autoriser l\u00e9galement la collecte, le traitement et le partage des donn\u00e9es personnelles via les services conform\u00e9ment aux lois applicables.<\/li><li>Nous maintiendrons un m\u00e9canisme d\u2019obtention et de retrait du consentement, conform\u00e9ment aux lois applicables et \u00e0 la politique de confidentialit\u00e9 accessible au public.<\/li><li>Nous reconnaissons ne pas fournir de Services aux enfants de moins de dix-huit (18) ans.<\/li><\/ol><\/li><\/ol><\/li><li><b>S\u00e9curit\u00e9<\/b><br \/><ol class=\"nested-list\"><li>Nous mettrons en \u0153uvre des mesures techniques et organisationnelles appropri\u00e9es pour la s\u00e9curit\u00e9 des donn\u00e9es conform\u00e9ment \u00e0 l\u2019article 32(1) du RGPD.<\/li><\/ol><\/li><li><b>Sous-traitement<\/b><br \/><ol class=\"nested-list\"><li>Vous nous autorisez \u00e0 nommer des sous-traitants et \u00e0 garantir que les contrats \u00e9crits avec les sous-traitants offrent le m\u00eame niveau de protection des donn\u00e9es personnelles que celui d\u00e9crit dans le pr\u00e9sent addendum et r\u00e9pondent aux exigences du RGPD.<\/li><\/ol><\/li><li><b>Droits des personnes concern\u00e9es<\/b><br \/><ol class=\"nested-list\"><li>Nous vous aiderons \u00e0 r\u00e9pondre aux demandes relatives aux droits des personnes concern\u00e9es en vertu des lois sur la protection des donn\u00e9es, compte tenu de la nature du traitement.<\/li><\/ol><\/li><li><b>Violation de donn\u00e9es personnelles<\/b><br \/><ol class=\"nested-list\"><li>Nous informerons imm\u00e9diatement les personnes concern\u00e9es d\u00e8s que nous aurons connaissance d'une violation de donn\u00e9es personnelles, en contribuant \u00e0 l'enqu\u00eate, \u00e0 l'att\u00e9nuation et \u00e0 la correction.<\/li><\/ol><\/li><li><b>Conditions g\u00e9n\u00e9rales<\/b><br \/><ol class=\"nested-list\"><li>Les litiges ou r\u00e9clamations d\u00e9coulant des pr\u00e9sentes Conditions G\u00e9n\u00e9rales sont soumis \u00e0 la juridiction stipul\u00e9e dans les pr\u00e9sentes. Si une disposition est invalide, les autres restent valables.<\/li><\/ol><\/li><li><b>Amendements<\/b><br \/><ol class=\"nested-list\"><li>Des modifications aux pr\u00e9sentes conditions peuvent \u00eatre apport\u00e9es de temps \u00e0 autre, \u00e0 notre seule discr\u00e9tion.<\/li><\/ol><\/li><\/ol><p>En acceptant ces conditions g\u00e9n\u00e9rales, vous reconnaissez avoir lu, compris et accept\u00e9 d'\u00eatre li\u00e9 par toutes les conditions d\u00e9crites ci-dessus. Votre utilisation continue du site Web et des services constitue une acceptation de ces conditions. Si vous avez des questions ou des pr\u00e9occupations, veuillez nous contacter \u00e0 <strong><a href=\"mailto:info@xbt360ai.net\">info@xbt360ai.net<\/a><\/strong><\/p>\t\t\t\t\t\t\t\t<\/div>\n\t\t\t\t\t<\/div>\n\t\t<\/div>\n\t\t\t\t\t<\/div>\n\t\t<\/section>\n\t\t\t\t<\/div>","protected":false},"excerpt":{"rendered":"<p>TERMS &amp; CONDITIONS Thank you for visiting our website\u00a0(the \u201cWebsite\u201d) on which you found the link to these Terms and Conditions (the \u201cWebsite \u201d), and to our\u00a0Privacy Policy (the &#8220;Privacy Policy&#8221;). This website is operated and controlled by Xbt 360 AI and any holding companies, subsidiaries or related entities, all of which are referred to [&hellip;]<\/p>\n","protected":false},"author":1,"featured_media":0,"parent":0,"menu_order":0,"comment_status":"closed","ping_status":"closed","template":"elementor_header_footer","meta":{"footnotes":""},"class_list":["post-14","page","type-page","status-publish","hentry"],"_links":{"self":[{"href":"https:\/\/xbt360ai.net\/fr\/wp-json\/wp\/v2\/pages\/14","targetHints":{"allow":["GET"]}}],"collection":[{"href":"https:\/\/xbt360ai.net\/fr\/wp-json\/wp\/v2\/pages"}],"about":[{"href":"https:\/\/xbt360ai.net\/fr\/wp-json\/wp\/v2\/types\/page"}],"author":[{"embeddable":true,"href":"https:\/\/xbt360ai.net\/fr\/wp-json\/wp\/v2\/users\/1"}],"replies":[{"embeddable":true,"href":"https:\/\/xbt360ai.net\/fr\/wp-json\/wp\/v2\/comments?post=14"}],"version-history":[{"count":0,"href":"https:\/\/xbt360ai.net\/fr\/wp-json\/wp\/v2\/pages\/14\/revisions"}],"wp:attachment":[{"href":"https:\/\/xbt360ai.net\/fr\/wp-json\/wp\/v2\/media?parent=14"}],"curies":[{"name":"wp","href":"https:\/\/api.w.org\/{rel}","templated":true}]}}