{"id":18,"date":"2024-10-07T05:17:44","date_gmt":"2024-10-07T05:17:44","guid":{"rendered":"https:\/\/immediateacceleration.pro\/?page_id=18"},"modified":"2026-02-02T12:50:11","modified_gmt":"2026-02-02T12:50:11","slug":"politique-relative-aux-cookies","status":"publish","type":"page","link":"https:\/\/xbt360ai.net\/fr\/cookie-policy\/","title":{"rendered":"Politique de cookies"},"content":{"rendered":"<div data-elementor-type=\"wp-page\" data-elementor-id=\"18\" class=\"elementor elementor-18\" data-elementor-post-type=\"page\">\n\t\t\t\t\t\t<section class=\"elementor-section elementor-top-section elementor-element elementor-element-c59380d elementor-section-height-min-height elementor-section-boxed elementor-section-height-default elementor-section-items-middle\" data-id=\"c59380d\" data-element_type=\"section\" data-e-type=\"section\" data-settings=\"{&quot;background_background&quot;:&quot;classic&quot;}\">\n\t\t\t\t\t\t\t<div class=\"elementor-background-overlay\"><\/div>\n\t\t\t\t\t\t\t<div class=\"elementor-container elementor-column-gap-default\">\n\t\t\t\t\t<div class=\"elementor-column elementor-col-100 elementor-top-column elementor-element elementor-element-5248720\" data-id=\"5248720\" data-element_type=\"column\" data-e-type=\"column\">\n\t\t\t<div class=\"elementor-widget-wrap elementor-element-populated\">\n\t\t\t\t\t\t<div class=\"elementor-element elementor-element-4e8cabb elementor-widget elementor-widget-heading\" data-id=\"4e8cabb\" data-element_type=\"widget\" data-e-type=\"widget\" data-widget_type=\"heading.default\">\n\t\t\t\t\t<h1 class=\"elementor-heading-title elementor-size-default\">Politique de cookies<\/h1>\t\t\t\t<\/div>\n\t\t\t\t\t<\/div>\n\t\t<\/div>\n\t\t\t\t\t<\/div>\n\t\t<\/section>\n\t\t\t\t<section class=\"elementor-section elementor-top-section elementor-element elementor-element-d5f1e7e elementor-section-boxed elementor-section-height-default elementor-section-height-default\" data-id=\"d5f1e7e\" data-element_type=\"section\" data-e-type=\"section\">\n\t\t\t\t\t\t<div class=\"elementor-container elementor-column-gap-default\">\n\t\t\t\t\t<div class=\"elementor-column elementor-col-100 elementor-top-column elementor-element elementor-element-85febd6\" data-id=\"85febd6\" data-element_type=\"column\" data-e-type=\"column\">\n\t\t\t<div class=\"elementor-widget-wrap elementor-element-populated\">\n\t\t\t\t\t\t<div class=\"elementor-element elementor-element-a3a33c2 elementor-widget elementor-widget-text-editor\" data-id=\"a3a33c2\" data-element_type=\"widget\" data-e-type=\"widget\" data-widget_type=\"text-editor.default\">\n\t\t\t\t\t\t\t\t\t<p>Cette politique d\u00e9finit la pratique de\u00a0 (\u00ab<b>XBT 360 AI<\/b>\" ou le\u00a0<b>\u00ab \u00c9diteur du site Web \u00bb<\/b>\u00a0ou \"<b>Nous<\/b>\" ou \"<b>Nous<\/b>\u201c), pour les cookies utilis\u00e9s sur le site Internet disponible \u00e0 l\u2019adresse <strong><a href=\"https:\/\/xbt360ai.net\/fr\/\">xbt360ai.net<\/a> <\/strong>(the \u201c<b>Site web<\/b>\u201d).<\/p><p>Lors de votre navigation sur le Site, des cookies sont susceptibles d'\u00eatre d\u00e9pos\u00e9s sur votre terminal (ordinateur, tablette, smartphone, etc.). Les cookies enregistrent des informations relatives \u00e0 votre navigation sur notre Site (par exemple : pages que vous avez consult\u00e9es, adresse IP, date et heure de votre consultation, etc.) que nous pourrons lire lors de vos visites ult\u00e9rieures.<\/p><h4><strong>1. Que sont les cookies ?<\/strong><\/h4><p>Les cookies sont des fichiers texte contenant une petite quantit\u00e9 d\u2019informations qui sont t\u00e9l\u00e9charg\u00e9s sur votre appareil lorsque vous visitez un site Web. \u00c0 chaque visite ult\u00e9rieure, les cookies sont renvoy\u00e9s au site Web d\u2019origine ou \u00e0 un autre site Web qui les reconna\u00eet. Les cookies sont donc utiles car ils permettent \u00e0 un site Web de reconna\u00eetre l\u2019appareil d\u2019un utilisateur.<\/p><p>Les cookies remplissent diverses fonctions, telles que vous permettre de naviguer efficacement entre diff\u00e9rentes pages, enregistrer vos pr\u00e9f\u00e9rences, am\u00e9liorer votre exp\u00e9rience sur le site Web et vous permettre de visualiser des publicit\u00e9s personnalis\u00e9es.<\/p><p>Pour plus d'informations sur le traitement de vos donn\u00e9es personnelles, veuillez vous r\u00e9f\u00e9rer \u00e0 <strong><a href=\"https:\/\/xbt360ai.net\/fr\/\">xbt360ai.net<\/a> <\/strong>Data Privacy Notice.<\/p><p><strong>2. Qui peut placer des cookies sur votre terminal ?<\/strong><\/p><p>Des cookies peuvent \u00eatre d\u00e9pos\u00e9s par l\u2019Editeur du Site ou par des tiers.<\/p><h4 class=\"bold\"><strong>3. \u00c0 quoi servent les cookies ?<\/strong><\/h4><p>Nous pouvons placer les cat\u00e9gories de cookies suivantes sur votre appareil :<\/p><table class=\"table table-bordered\"><thead><tr><td><b>Cat\u00e9gorie de cookies<\/b><\/td><td><b>But<\/b><\/td><\/tr><\/thead><tbody><tr><td>Cookies strictement n\u00e9cessaires<\/td><td><p>Ces cookies sont strictement n\u00e9cessaires pour vous permettre de naviguer sur le site Web et d'utiliser les fonctionnalit\u00e9s que vous avez demand\u00e9es. Ils sont utilis\u00e9s pour vous fournir le contenu, les produits et les services que vous avez demand\u00e9s.<\/p><p>Ces cookies sont essentiels pour aider votre appareil \u00e0 t\u00e9l\u00e9charger ou \u00e0 diffuser des informations afin que vous puissiez naviguer sur le site Web, utiliser ses fonctionnalit\u00e9s et revenir aux pages que vous avez d\u00e9j\u00e0 visit\u00e9es.<\/p><p>Ces cookies collectent des donn\u00e9es personnelles vous concernant, telles que votre nom d'utilisateur et votre date de derni\u00e8re connexion, et vous identifient comme \u00e9tant connect\u00e9 au site Web.<\/p><p>Ces cookies sont supprim\u00e9s lorsque vous fermez votre navigateur Web (cookies de session).<\/p><\/td><\/tr><tr><td>Cookies de fonctionnalit\u00e9<\/td><td><p>Ces cookies sont utilis\u00e9s pour vous reconna\u00eetre lorsque vous revenez sur le site Web et nous permettent de m\u00e9moriser vos choix et pr\u00e9f\u00e9rences.<\/p><p>Ces cookies survivent \u00e0 la fermeture de votre navigateur Web et durent jusqu'\u00e0 leur date d'expiration applicable.<\/p><\/td><\/tr><tr><td>Cookies de performance<\/td><td><p>Ces cookies sont utilis\u00e9s pour fournir des statistiques agr\u00e9g\u00e9es sur les performances du site Web et pour tester et am\u00e9liorer ces performances, afin d'offrir une meilleure exp\u00e9rience utilisateur. En outre, ils nous permettent d'effectuer des fonctions d'analyse sur le site Web.<\/p><p>Ces cookies collectent des donn\u00e9es anonymis\u00e9es qui ne sont pas li\u00e9es \u00e0 une personne physique identifi\u00e9e ou identifiable.<\/p><p>Ces cookies ont une dur\u00e9e de validit\u00e9 variable ; certains sont supprim\u00e9s d\u00e8s que vous fermez votre navigateur, tandis que d'autres ont une dur\u00e9e de validit\u00e9 ind\u00e9termin\u00e9e.<\/p><\/td><\/tr><\/tbody><\/table><p>Vous pouvez trouver une liste compl\u00e8te des cookies utilis\u00e9s sur notre site Web ici : <a href=\"https:\/\/xbt360ai.net\/fr\/\"><b>xbt360ai.net<\/b><\/a><\/p><h4 class=\"bold\"><strong>4. Comment puis-je g\u00e9rer mes pr\u00e9f\u00e9rences en mati\u00e8re de cookies ?<\/strong><\/h4><p>L'utilisation de certains cookies est soumise \u00e0 votre consentement pr\u00e9alable pour chaque finalit\u00e9 sp\u00e9cifique. Veuillez noter que les cookies strictement n\u00e9cessaires ne sont pas soumis \u00e0 consentement pr\u00e9alable.<\/p><p>For other cookies, in order to obtain your consent, we use a cookie management tool that allows you to inform Us of your preferences when you first visit the Website. You may also change your preferences at any time, including disabling cookies, by using the cookies management tool available here: <strong><a href=\"https:\/\/xbt360ai.net\/fr\/\">xbt360ai.net<\/a><\/strong>.<\/p><p>Vous pouvez \u00e9galement d\u00e9sactiver les cookies en modifiant les param\u00e8tres de votre navigateur, ce qui vous permet de refuser le placement de tout ou partie des cookies.<\/p><p>En fonction des cookies sp\u00e9cifiques, si vous d\u00e9sactivez tous ou certains cookies :<\/p><ul><li>Vous pourriez ne plus avoir acc\u00e8s \u00e0 tout ou partie du Site ;<\/li><li>Une partie ou la totalit\u00e9 des services propos\u00e9s sur le Site pourraient ne pas fonctionner correctement ;<\/li><li>Nous ne sommes plus susceptibles d\u2019\u00eatre inform\u00e9s de votre navigation sur le Site ; et<\/li><li>La publicit\u00e9 affich\u00e9e sur le Site Web ou sur des sites Web tiers peut \u00eatre moins personnalis\u00e9e.<\/li><\/ul><p>La d\u00e9sactivation d'un cookie ou d'une cat\u00e9gorie de cookies ne les supprime pas de votre navigateur ; leur suppression n\u00e9cessite une action sp\u00e9cifique dans votre navigateur.<\/p><p>Si vous souhaitez modifier les param\u00e8tres des cookies, veuillez vous rendre dans le menu \u00ab Options \u00bb ou \u00ab Pr\u00e9f\u00e9rences \u00bb de votre navigateur. Pour plus d\u2019informations, consultez la rubrique \u00ab Aide \u00bb de votre navigateur.<\/p><p>Pour en savoir plus sur les param\u00e8tres de cookies de votre navigateur, veuillez cliquer sur les liens ci-dessous :<\/p><ul><li><span style=\"color: #000000;\"><strong><a style=\"color: #000000;\" href=\"https:\/\/support.microsoft.com\/fr-fr\/microsoft-edge\/supprimer-les-cookies-dans-microsoft-edge-63947406-40ac-c3b8-57b9-2a946a29ae09\" target=\"_blank\" rel=\"noopener\">Bord<\/a><\/strong><\/span><\/li><li><span style=\"color: #000000;\"><strong><a style=\"color: #000000;\" href=\"https:\/\/support.mozilla.org\/fr\/kb\/activer-desactiver-cookies?redirectlocale=fr&amp;redirectslug=Activer+et+d%C3%A9sactiver+les+cookies\" target=\"_blank\" rel=\"noopener\">Firefox<\/a><\/strong><\/span><\/li><li><span style=\"color: #000000;\"><strong><a style=\"color: #000000;\" href=\"https:\/\/support.google.com\/chrome\/answer\/95647?hl=fr&amp;hlrm=en\" target=\"_blank\" rel=\"noopener\">Chrome<\/a><\/strong><\/span><\/li><li><span style=\"color: #000000;\"><strong><a style=\"color: #000000;\" href=\"https:\/\/support.apple.com\/kb\/HT1677?viewlocale=fr_FR\" target=\"_blank\" rel=\"noopener\">Safari<\/a><\/strong><\/span><\/li><\/ul><h4 class=\"bold\"><strong>5. Modifications de la politique relative aux cookies<\/strong><\/h4><p>Cette politique relative aux cookies peut \u00eatre mise \u00e0 jour p\u00e9riodiquement afin de refl\u00e9ter les changements dans nos pratiques en mati\u00e8re de cookies. Nous vous informerons de ces changements, y compris de leur date d'entr\u00e9e en vigueur.<\/p>\t\t\t\t\t\t\t\t<\/div>\n\t\t\t\t\t<\/div>\n\t\t<\/div>\n\t\t\t\t\t<\/div>\n\t\t<\/section>\n\t\t\t\t<\/div>","protected":false},"excerpt":{"rendered":"<p>Cookie Policy This policy sets forth the practice of\u00a0 (&#8220;XBT 360 AI&#8221; or the\u00a0\u201cWebsite Publisher\u201d\u00a0or &#8220;Us&#8221; or &#8220;We&#8220;), for cookies used on the website available at xbt360ai.net (the \u201cWebsite\u201d). When you browse the Website, cookies may be placed on your device (computer, tablet, smartphone, etc.). The cookies save information about your browsing on our Website [&hellip;]<\/p>\n","protected":false},"author":1,"featured_media":0,"parent":0,"menu_order":0,"comment_status":"closed","ping_status":"closed","template":"elementor_header_footer","meta":{"footnotes":""},"class_list":["post-18","page","type-page","status-publish","hentry"],"_links":{"self":[{"href":"https:\/\/xbt360ai.net\/fr\/wp-json\/wp\/v2\/pages\/18","targetHints":{"allow":["GET"]}}],"collection":[{"href":"https:\/\/xbt360ai.net\/fr\/wp-json\/wp\/v2\/pages"}],"about":[{"href":"https:\/\/xbt360ai.net\/fr\/wp-json\/wp\/v2\/types\/page"}],"author":[{"embeddable":true,"href":"https:\/\/xbt360ai.net\/fr\/wp-json\/wp\/v2\/users\/1"}],"replies":[{"embeddable":true,"href":"https:\/\/xbt360ai.net\/fr\/wp-json\/wp\/v2\/comments?post=18"}],"version-history":[{"count":0,"href":"https:\/\/xbt360ai.net\/fr\/wp-json\/wp\/v2\/pages\/18\/revisions"}],"wp:attachment":[{"href":"https:\/\/xbt360ai.net\/fr\/wp-json\/wp\/v2\/media?parent=18"}],"curies":[{"name":"wp","href":"https:\/\/api.w.org\/{rel}","templated":true}]}}