{"id":10,"date":"2024-10-07T05:16:11","date_gmt":"2024-10-07T05:16:11","guid":{"rendered":"https:\/\/immediateacceleration.pro\/?page_id=10"},"modified":"2026-02-02T11:17:50","modified_gmt":"2026-02-02T11:17:50","slug":"sobre-nos","status":"publish","type":"page","link":"https:\/\/xbt360ai.net\/pt\/about-us\/","title":{"rendered":"Sobre n\u00f3s"},"content":{"rendered":"<div data-elementor-type=\"wp-page\" data-elementor-id=\"10\" class=\"elementor elementor-10\" data-elementor-post-type=\"page\">\n\t\t\t\t\t\t<section class=\"elementor-section elementor-top-section elementor-element elementor-element-10dd0ec elementor-section-height-min-height elementor-section-boxed elementor-section-height-default elementor-section-items-middle\" data-id=\"10dd0ec\" data-element_type=\"section\" data-e-type=\"section\" data-settings=\"{&quot;background_background&quot;:&quot;classic&quot;}\">\n\t\t\t\t\t\t\t<div class=\"elementor-background-overlay\"><\/div>\n\t\t\t\t\t\t\t<div class=\"elementor-container elementor-column-gap-default\">\n\t\t\t\t\t<div class=\"elementor-column elementor-col-100 elementor-top-column elementor-element elementor-element-92a8056\" data-id=\"92a8056\" data-element_type=\"column\" data-e-type=\"column\">\n\t\t\t<div class=\"elementor-widget-wrap elementor-element-populated\">\n\t\t\t\t\t\t<div class=\"elementor-element elementor-element-7365806 elementor-widget elementor-widget-heading\" data-id=\"7365806\" data-element_type=\"widget\" data-e-type=\"widget\" data-widget_type=\"heading.default\">\n\t\t\t\t\t<h1 class=\"elementor-heading-title elementor-size-default\">Sobre n\u00f3s<\/h1>\t\t\t\t<\/div>\n\t\t\t\t\t<\/div>\n\t\t<\/div>\n\t\t\t\t\t<\/div>\n\t\t<\/section>\n\t\t<div class=\"elementor-element elementor-element-626928e e-flex e-con-boxed e-con e-parent\" data-id=\"626928e\" data-element_type=\"container\" data-e-type=\"container\" data-settings=\"{&quot;background_background&quot;:&quot;classic&quot;}\">\n\t\t\t\t\t<div class=\"e-con-inner\">\n\t\t<div class=\"elementor-element elementor-element-6e6f4f0 e-con-full e-flex e-con e-child\" data-id=\"6e6f4f0\" data-element_type=\"container\" data-e-type=\"container\">\n\t\t\t\t<div class=\"elementor-element elementor-element-b065c37 elementor-widget elementor-widget-heading\" data-id=\"b065c37\" data-element_type=\"widget\" data-e-type=\"widget\" data-widget_type=\"heading.default\">\n\t\t\t\t\t<h2 class=\"elementor-heading-title elementor-size-default\">O aplicativo XBT 360 Ai: o que \u00e9?\n<\/h2>\t\t\t\t<\/div>\n\t\t\t\t<div class=\"elementor-element elementor-element-5028771 elementor-widget elementor-widget-text-editor\" data-id=\"5028771\" data-element_type=\"widget\" data-e-type=\"widget\" data-widget_type=\"text-editor.default\">\n\t\t\t\t\t\t\t\t\t<p>O XBT 360 Ai simplifica a negocia\u00e7\u00e3o de criptomoedas para todos os n\u00edveis de investidores. Usando IA e algoritmos avan\u00e7ados, ele analisa dados de mercado, tend\u00eancias e not\u00edcias para fornecer insights em tempo real. Com uma interface amig\u00e1vel e acesso m\u00f3vel, os traders podem gerenciar investimentos a qualquer momento. Comece a negociar de forma mais inteligente com o XBT 360 Ai hoje.<\/p>\t\t\t\t\t\t\t\t<\/div>\n\t\t\t\t<div class=\"elementor-element elementor-element-1627e9e elementor-mobile-align-center elementor-widget elementor-widget-button\" data-id=\"1627e9e\" data-element_type=\"widget\" data-e-type=\"widget\" data-widget_type=\"button.default\">\n\t\t\t\t\t\t\t\t\t\t<a class=\"elementor-button elementor-button-link elementor-size-sm elementor-animation-float\" href=\"https:\/\/xbt360ai.net\/pt\/contate-nos\/#registration\">\n\t\t\t\t\t\t<span class=\"elementor-button-content-wrapper\">\n\t\t\t\t\t\t\t\t\t<span class=\"elementor-button-text\">Contate-nos<\/span>\n\t\t\t\t\t<\/span>\n\t\t\t\t\t<\/a>\n\t\t\t\t\t\t\t\t<\/div>\n\t\t\t\t<\/div>\n\t\t<div class=\"elementor-element elementor-element-8783858 e-con-full e-flex e-con e-child\" data-id=\"8783858\" data-element_type=\"container\" data-e-type=\"container\" data-settings=\"{&quot;background_background&quot;:&quot;classic&quot;}\">\n\t\t\t\t<div class=\"elementor-element elementor-element-e5ea66e elementor-widget-mobile__width-initial elementor-widget elementor-widget-image\" data-id=\"e5ea66e\" data-element_type=\"widget\" data-e-type=\"widget\" data-widget_type=\"image.default\">\n\t\t\t\t\t\t\t\t\t\t\t\t\t\t\t<img fetchpriority=\"high\" decoding=\"async\" width=\"800\" height=\"743\" src=\"https:\/\/xbt360ai.net\/wp-content\/uploads\/2025\/03\/Home-bg-image-1_4_11zon_11zon.webp\" class=\"attachment-large size-large wp-image-1090\" alt=\"\" srcset=\"https:\/\/xbt360ai.net\/wp-content\/uploads\/2025\/03\/Home-bg-image-1_4_11zon_11zon.webp 844w, https:\/\/xbt360ai.net\/wp-content\/uploads\/2025\/03\/Home-bg-image-1_4_11zon_11zon-300x279.webp 300w, https:\/\/xbt360ai.net\/wp-content\/uploads\/2025\/03\/Home-bg-image-1_4_11zon_11zon-768x713.webp 768w, https:\/\/xbt360ai.net\/wp-content\/uploads\/2025\/03\/Home-bg-image-1_4_11zon_11zon-13x12.webp 13w\" sizes=\"(max-width: 800px) 100vw, 800px\" \/>\t\t\t\t\t\t\t\t\t\t\t\t\t\t\t<\/div>\n\t\t\t\t<\/div>\n\t\t\t\t\t<\/div>\n\t\t\t\t<\/div>\n\t\t\t\t<\/div>","protected":false},"excerpt":{"rendered":"<p>About Us The XBT 360 Ai App: What is It? XBT 360 Ai simplifies crypto trading for all levels of investors. Using AI and advanced algorithms, it analyzes market data, trends, and news to provide real-time insights. With a user-friendly interface and mobile access, traders can manage investments anytime. Start trading smarter with XBT 360 [&hellip;]<\/p>\n","protected":false},"author":1,"featured_media":0,"parent":0,"menu_order":0,"comment_status":"closed","ping_status":"closed","template":"elementor_header_footer","meta":{"footnotes":""},"class_list":["post-10","page","type-page","status-publish","hentry"],"_links":{"self":[{"href":"https:\/\/xbt360ai.net\/pt\/wp-json\/wp\/v2\/pages\/10","targetHints":{"allow":["GET"]}}],"collection":[{"href":"https:\/\/xbt360ai.net\/pt\/wp-json\/wp\/v2\/pages"}],"about":[{"href":"https:\/\/xbt360ai.net\/pt\/wp-json\/wp\/v2\/types\/page"}],"author":[{"embeddable":true,"href":"https:\/\/xbt360ai.net\/pt\/wp-json\/wp\/v2\/users\/1"}],"replies":[{"embeddable":true,"href":"https:\/\/xbt360ai.net\/pt\/wp-json\/wp\/v2\/comments?post=10"}],"version-history":[{"count":0,"href":"https:\/\/xbt360ai.net\/pt\/wp-json\/wp\/v2\/pages\/10\/revisions"}],"wp:attachment":[{"href":"https:\/\/xbt360ai.net\/pt\/wp-json\/wp\/v2\/media?parent=10"}],"curies":[{"name":"wp","href":"https:\/\/api.w.org\/{rel}","templated":true}]}}