{"id":14,"date":"2024-10-07T05:16:50","date_gmt":"2024-10-07T05:16:50","guid":{"rendered":"https:\/\/immediateacceleration.pro\/?page_id=14"},"modified":"2026-02-02T12:39:52","modified_gmt":"2026-02-02T12:39:52","slug":"termos-de-utilizacao","status":"publish","type":"page","link":"https:\/\/xbt360ai.net\/pt\/terms-of-use\/","title":{"rendered":"Terms"},"content":{"rendered":"<div data-elementor-type=\"wp-page\" data-elementor-id=\"14\" class=\"elementor elementor-14\" data-elementor-post-type=\"page\">\n\t\t\t\t\t\t<section class=\"elementor-section elementor-top-section elementor-element elementor-element-142b5ac elementor-section-height-min-height elementor-section-boxed elementor-section-height-default elementor-section-items-middle\" data-id=\"142b5ac\" data-element_type=\"section\" data-e-type=\"section\" data-settings=\"{&quot;background_background&quot;:&quot;classic&quot;}\">\n\t\t\t\t\t\t\t<div class=\"elementor-background-overlay\"><\/div>\n\t\t\t\t\t\t\t<div class=\"elementor-container elementor-column-gap-default\">\n\t\t\t\t\t<div class=\"elementor-column elementor-col-100 elementor-top-column elementor-element elementor-element-4e904f0\" data-id=\"4e904f0\" data-element_type=\"column\" data-e-type=\"column\">\n\t\t\t<div class=\"elementor-widget-wrap elementor-element-populated\">\n\t\t\t\t\t\t<div class=\"elementor-element elementor-element-4a75602 elementor-widget elementor-widget-heading\" data-id=\"4a75602\" data-element_type=\"widget\" data-e-type=\"widget\" data-widget_type=\"heading.default\">\n\t\t\t\t\t<h1 class=\"elementor-heading-title elementor-size-default\">TERMOS E CONDI\u00c7\u00d5ES\n<\/h1>\t\t\t\t<\/div>\n\t\t\t\t\t<\/div>\n\t\t<\/div>\n\t\t\t\t\t<\/div>\n\t\t<\/section>\n\t\t\t\t<section class=\"elementor-section elementor-top-section elementor-element elementor-element-4e267e4 elementor-section-boxed elementor-section-height-default elementor-section-height-default\" data-id=\"4e267e4\" data-element_type=\"section\" data-e-type=\"section\">\n\t\t\t\t\t\t<div class=\"elementor-container elementor-column-gap-default\">\n\t\t\t\t\t<div class=\"elementor-column elementor-col-100 elementor-top-column elementor-element elementor-element-cca1c71\" data-id=\"cca1c71\" data-element_type=\"column\" data-e-type=\"column\">\n\t\t\t<div class=\"elementor-widget-wrap elementor-element-populated\">\n\t\t\t\t\t\t<div class=\"elementor-element elementor-element-aa41f01 elementor-drop-cap-yes elementor-drop-cap-view-default elementor-widget elementor-widget-text-editor\" data-id=\"aa41f01\" data-element_type=\"widget\" data-e-type=\"widget\" data-settings=\"{&quot;drop_cap&quot;:&quot;yes&quot;}\" data-widget_type=\"text-editor.default\">\n\t\t\t\t\t\t\t\t\t<p>Obrigado por visitar nosso <a href=\"https:\/\/xbt360ai.net\/pt\/\"><strong>site<\/strong><\/a>\u00a0(o \u201cSite\u201d) no qual voc\u00ea encontrou o link para estes Termos e Condi\u00e7\u00f5es (o \u201cSite\u201d), e para o nosso\u00a0<strong><a href=\"https:\/\/xbt360ai.net\/pt\/politica-de-privacidade\/\">pol\u00edtica de Privacidade<\/a> <\/strong>(a \u201cPol\u00edtica de Privacidade\u201d). Este site \u00e9 operado e controlado por <strong>Xbt 360 AI<\/strong> e quaisquer holdings, subsidi\u00e1rias ou entidades relacionadas, todas denominadas <strong>Xbt 360 AI<\/strong>. O Site \u00e9 nossa propriedade (referidos coletivamente como \u201cn\u00f3s\u201d, \u201cnosso\u201d ou \u201cnos\u201d) e voc\u00ea pode entrar em contato conosco a qualquer momento por e-mail em:<strong><a href=\"mailto:info@xbt360ai.net\"> info@xbt360ai.net<\/a><\/strong><\/p><p>Ao acessar o Website ou utilizar nossos produtos e\/ou servi\u00e7os (\u201cServi\u00e7os do Fornecedor\u201d e coletivamente com Servi\u00e7os de Assinatura, denominados \u201cServi\u00e7os\u201d), voc\u00ea concorda em cumprir estes Termos de Uso (\u201cTermos\u201d) e nossa Pol\u00edtica de Privacidade. Estes Termos incluem regras operacionais, pol\u00edticas, informa\u00e7\u00f5es e outros termos suplementares. Reservamo-nos o direito de alterar os Termos de tempos em tempos sem aviso pr\u00e9vio e a nosso crit\u00e9rio. \u00c9 sua responsabilidade revisar periodicamente esta p\u00e1gina para atualiza\u00e7\u00f5es dos Termos, que entrar\u00e3o em vigor assim que forem publicadas. Seu uso cont\u00ednuo do Website ser\u00e1 considerado aceita\u00e7\u00e3o dos Termos.<\/p><p>Por favor, revise cuidadosamente os termos completos destes Termos e Condi\u00e7\u00f5es. Se voc\u00ea discordar de qualquer parte deles, voc\u00ea n\u00e3o est\u00e1 autorizado a usar os Servi\u00e7os ou o Site de nenhuma maneira. N\u00f3s nos reservamos o direito de negar acesso aos Servi\u00e7os e\/ou Site a nosso exclusivo crit\u00e9rio.<\/p><h4><strong>SEM CONSELHO DE INVESTIMENTO<\/strong><\/h4><p>A menos que expressamente declarado em contr\u00e1rio, este site n\u00e3o foi criado com o prop\u00f3sito de fornecer aconselhamento financeiro ou de investimento pessoal. As informa\u00e7\u00f5es fornecidas n\u00e3o levam em considera\u00e7\u00e3o seus objetivos de investimento, situa\u00e7\u00e3o financeira ou necessidades de investimento espec\u00edficos.<\/p><p>Voc\u00ea deve avaliar se as informa\u00e7\u00f5es neste site s\u00e3o apropriadas para seus objetivos de investimento, situa\u00e7\u00e3o financeira e necessidades de investimento espec\u00edficos. Voc\u00ea deve fazer isso antes de tomar uma decis\u00e3o de investimento com base nas informa\u00e7\u00f5es fornecidas neste site ou em rela\u00e7\u00e3o a ele. Voc\u00ea pode fazer essa avalia\u00e7\u00e3o sozinho ou buscar a assist\u00eancia profissional de qualquer consultor financeiro independente.<\/p><p>Salvo indica\u00e7\u00e3o expressa em contr\u00e1rio, as informa\u00e7\u00f5es neste site n\u00e3o s\u00e3o uma recomenda\u00e7\u00e3o de investimento em quaisquer produtos ou servi\u00e7os financeiros oferecidos por qualquer membro do grupo de empresas IG.<\/p><h4><strong>PRODUTOS E SERVI\u00c7OS<\/strong><\/h4><p>Nem todos os produtos e servi\u00e7os mencionados neste site s\u00e3o necessariamente fornecidos por n\u00f3s. A identifica\u00e7\u00e3o ou uso de quaisquer produtos, servi\u00e7os, sites ou redes de terceiros n\u00e3o \u00e9 um endosso de tais produtos, servi\u00e7os ou sites ou redes. Este site pode permitir que voc\u00ea acesse sites e redes fornecidos por outras pessoas al\u00e9m de n\u00f3s por meio de um hipertexto ou outro link.<\/p><p>N\u00e3o aceitamos nenhuma responsabilidade ou obriga\u00e7\u00e3o de qualquer tipo em rela\u00e7\u00e3o a quaisquer materiais em qualquer site ou rede que n\u00e3o esteja sob nosso controle direto. Voc\u00ea reconhece que seu acesso a tais outros sites ou redes por meio de tal link pode exigir que forne\u00e7amos certas informa\u00e7\u00f5es sobre voc\u00ea ao propriet\u00e1rio desse site ou rede. Nada neste site pretende ser nem deve ser entendido por voc\u00ea como sendo nem investimento nem aconselhamento financeiro de ou por n\u00f3s.<\/p><h4><strong>\u00c2MBITO E MODIFICA\u00c7\u00c3O<\/strong><\/h4><p>Voc\u00ea concorda com os termos aqui descritos referentes ao seu uso do nosso Website. Estes Termos constituem o acordo integral entre voc\u00ea e n\u00f3s, substituindo todos os acordos, representa\u00e7\u00f5es, garantias e entendimentos anteriores referentes ao Website.<\/p><p>Observe que estes Termos podem mudar periodicamente. Se modificarmos estes Termos, informaremos voc\u00ea sobre as escolhas que voc\u00ea tem devido a tais mudan\u00e7as. Al\u00e9m disso, publicaremos um aviso indicando a modifica\u00e7\u00e3o. Seu uso cont\u00ednuo do Site e\/ou nossos Servi\u00e7os implica sua total concord\u00e2ncia em cumprir com os termos e condi\u00e7\u00f5es atualizados em vigor naquele momento. \u00c9 sua responsabilidade verificar regularmente esta p\u00e1gina para atualiza\u00e7\u00f5es e\/ou mudan\u00e7as.<\/p><h4><strong>REQUISITOS<\/strong><\/h4><p>O Website e nossos Servi\u00e7os est\u00e3o dispon\u00edveis exclusivamente para indiv\u00edduos eleg\u00edveis para celebrar contratos juridicamente vinculativos sob a lei aplic\u00e1vel. Eles n\u00e3o se destinam ao uso por indiv\u00edduos menores de dezoito (18) anos. Se voc\u00ea tiver menos de dezoito (18) anos, n\u00e3o tem permiss\u00e3o para usar e\/ou acessar o Website e\/ou Servi\u00e7os.<\/p><h4><strong>DESCRI\u00c7\u00c3O DOS SERVI\u00c7OS<\/strong><\/h4><p><i>Servi\u00e7os de assinatura:<\/i>\u00a0Ao se registrar no Website e receber nossa aprova\u00e7\u00e3o, voc\u00ea pode obter, ou tentar obter, Servi\u00e7os de Assinatura por uma taxa ou sem taxa. Esses servi\u00e7os fornecem conte\u00fado de e-mail, texto e outros materiais (\u201cConte\u00fado de Assinatura\u201d) relevantes para marketing online de n\u00f3s e parceiros terceirizados (\u201cProvedores Terceirizados\u201d). Isso n\u00e3o \u00e9 um conselho de investimento. Voc\u00ea entende e concorda que n\u00e3o somos respons\u00e1veis \u200b\u200bou pass\u00edveis de responsabiliza\u00e7\u00e3o pela precis\u00e3o, integridade ou adequa\u00e7\u00e3o do Conte\u00fado de Assinatura.<\/p><p><i>Servi\u00e7os de fornecedores e terceiros:<\/i>\u00a0Ao preencher formul\u00e1rios de registro, voc\u00ea pode obter, ou tentar obter, certos produtos e\/ou servi\u00e7os do Website. Descri\u00e7\u00f5es de produtos e\/ou servi\u00e7os no Website podem ser fornecidas por Provedores Terceiros. N\u00e3o garantimos a precis\u00e3o ou integridade de tais descri\u00e7\u00f5es. Voc\u00ea entende e concorda que n\u00e3o somos respons\u00e1veis \u200b\u200bou pass\u00edveis de responsabiliza\u00e7\u00e3o por sua incapacidade de obter produtos e\/ou servi\u00e7os do Website ou de seus parceiros afiliados, nem por quaisquer disputas com vendedores de produtos, distribuidores, provedores terceiros com os quais voc\u00ea possa se envolver em rela\u00e7\u00e3o ao website.<\/p><p><i>Em geral:<\/i>\u00a0Para usar os Servi\u00e7os, voc\u00ea deve fornecer Dados de Registro de Servi\u00e7o precisos, e nos reservamos o direito de rejeitar dados incompletos, fraudulentos ou inaceit\u00e1veis. A menos que explicitamente declarado de outra forma, quaisquer ofertas futuras que aprimorem os recursos do Site estar\u00e3o sujeitas a estes Termos. Voc\u00ea concorda que n\u00e3o somos respons\u00e1veis \u200b\u200bpor sua incapacidade de usar e\/ou se qualificar para os Servi\u00e7os e quaisquer modifica\u00e7\u00f5es, suspens\u00f5es ou descontinua\u00e7\u00f5es.<\/p><h4><strong>DIREITOS DE PROPRIEDADE<\/strong><\/h4><p>O Site, Conte\u00fado e Servi\u00e7os, incluindo organiza\u00e7\u00e3o, gr\u00e1ficos, design, compila\u00e7\u00e3o, software e outros assuntos, s\u00e3o protegidos por direitos autorais aplic\u00e1veis, marcas registradas e outros direitos de propriedade. Reproduzir, redistribuir ou vender qualquer parte do Site, Conte\u00fado e\/ou Servi\u00e7os \u00e9 estritamente proibido. A recupera\u00e7\u00e3o de material por meios automatizados ou scraping para qualquer prop\u00f3sito sem permiss\u00e3o por escrito \u00e9 proibida. Voc\u00ea n\u00e3o adquire direitos de propriedade sobre nenhum conte\u00fado, documento, software, servi\u00e7os ou materiais no Site. Nosso nome, logotipo, gr\u00e1ficos, \u00edcones e nomes de servi\u00e7os s\u00e3o marcas registradas. O uso n\u00e3o autorizado de qualquer marca registrada \u00e9 estritamente proibido.<\/p><h4><strong>INFORMA\u00c7\u00d5ES CONFIDENCIAIS<\/strong><\/h4><p>Informa\u00e7\u00f5es confidenciais referem-se a informa\u00e7\u00f5es propriet\u00e1rias identificadas como tal e excluem informa\u00e7\u00f5es publicamente conhecidas, conhecimento preexistente, informa\u00e7\u00f5es desenvolvidas independentemente ou informa\u00e7\u00f5es recebidas de terceiros sem restri\u00e7\u00f5es de divulga\u00e7\u00e3o. O dever de proteger informa\u00e7\u00f5es confidenciais expira um (1) ano ap\u00f3s o t\u00e9rmino.<\/p><h5><strong>\u00c9 PROIBIDO HIPERLINK PARA O SITE, CO-BRANDING, \u201cFRAMING\u201d E\/OU REFER\u00caNCIA AO SITE<\/strong><\/h5><p>\u00c9 proibido fazer hyperlink do Website ou partes dele para outro website sem nossa autoriza\u00e7\u00e3o expressa. \u201cFraming\u201d do Website ou referenciar o Uniform Resource Locator (\u201cURL\u201d) sem nossa permiss\u00e3o por escrito \u00e9 estritamente proibido. Coopera\u00e7\u00e3o para remover tal conte\u00fado ou atividade \u00e9 necess\u00e1ria, e voc\u00ea \u00e9 respons\u00e1vel por quaisquer danos associados.<\/p><h4><strong>EDI\u00c7\u00c3O, EXCLUS\u00c3O E MODIFICA\u00c7\u00c3O<\/strong><\/h4><p>Reservamo-nos o direito de editar e\/ou excluir quaisquer documentos, informa\u00e7\u00f5es ou conte\u00fado do Site sem aviso pr\u00e9vio.<\/p><h4><strong>ISEN\u00c7\u00c3O DE RESPONSABILIDADE<\/strong><\/h4><p>O site, os servi\u00e7os, o conte\u00fado e quaisquer produtos de terceiros s\u00e3o fornecidos \"tal como est\u00e3o\" e \"conforme dispon\u00edveis\", com todas as garantias, expressas e impl\u00edcitas, rejeitadas na m\u00e1xima medida permitida pela lei aplic\u00e1vel. N\u00e3o oferecemos qualquer garantia de que o website, os servi\u00e7os, o conte\u00fado e\/ou os produtos de terceiros ir\u00e3o satisfazer as suas necessidades ou ser\u00e3o ininterruptos, pontuais, seguros ou isentos de erros. Concorda que n\u00e3o somos respons\u00e1veis \u200b\u200bpor qualquer reclama\u00e7\u00e3o relacionada com a incapacidade de utiliza\u00e7\u00e3o do website, servi\u00e7os, conte\u00fado e\/ou produtos de terceiros. O site pode conter bugs, erros ou limita\u00e7\u00f5es, e n\u00e3o nos responsabilizamos pela disponibilidade da liga\u00e7\u00e3o \u00e0 internet.<\/p><h4><strong>LIMITA\u00c7\u00c3O DE RESPONSABILIDADE<\/strong><\/h4><p>N\u00e3o nos responsabilizamos por danos diretos, indiretos, acidentais, especiais ou exemplares, incluindo perda de lucros, goodwill, utiliza\u00e7\u00e3o, dados ou outras perdas intang\u00edveis. Esta limita\u00e7\u00e3o aplica-se a todas as causas de a\u00e7\u00e3o, incluindo incumprimento contratual, garantia, neglig\u00eancia, responsabilidade objetiva, deturpa\u00e7\u00e3o e quaisquer outros atos il\u00edcitos. Isenta-nos a n\u00f3s e aos nossos fornecedores terceiros de obriga\u00e7\u00f5es, responsabilidades e reclama\u00e7\u00f5es para al\u00e9m da limita\u00e7\u00e3o declarada. Se a lei aplic\u00e1vel n\u00e3o permitir esta limita\u00e7\u00e3o, a nossa responsabilidade m\u00e1xima em qualquer circunst\u00e2ncia ser\u00e1 de quinhentos d\u00f3lares (US$ 500,00).<\/p><h4><strong>INDENIZA\u00c7\u00c3O<\/strong><\/h4><p>Voc\u00ea concorda em indenizar e isentar a n\u00f3s, nossos parceiros, subsidi\u00e1rias, afiliados e seus respectivos membros, executivos, diretores, funcion\u00e1rios, agentes e parceiros de quaisquer reivindica\u00e7\u00f5es, despesas, danos, processos, custos, demandas e\/ou julgamentos feitos por terceiros devido a ou decorrentes do seu uso do Site, Servi\u00e7os ou Conte\u00fado; sua viola\u00e7\u00e3o destes Termos; e\/ou sua viola\u00e7\u00e3o dos direitos de outro indiv\u00edduo e\/ou entidade.<\/p><h4><strong>SITES DE TERCEIROS<\/strong><\/h4><p>O Website pode fornecer links para outros websites e\/ou recursos da Internet de propriedade de Provedores Terceiros. N\u00e3o somos respons\u00e1veis \u200b\u200bpela disponibilidade de tais websites e\/ou recursos de terceiros, nem pelos seus conte\u00fados, e n\u00e3o endossamos ou assumimos responsabilidade por seus termos, pol\u00edticas de privacidade, conte\u00fado, publicidade, servi\u00e7os, produtos ou materiais.<\/p><h4><strong>POL\u00cdTICA DE PRIVACIDADE\/INFORMA\u00c7\u00d5ES PARA VISITANTES<\/strong><\/h4><p>Seu uso do Website e todos os coment\u00e1rios, feedback, informa\u00e7\u00f5es, Dados de Registro e\/ou materiais enviados est\u00e3o sujeitos \u00e0 nossa Pol\u00edtica de Privacidade. Reservamo-nos o direito de usar informa\u00e7\u00f5es sobre o uso do seu Website e informa\u00e7\u00f5es pessoalmente identific\u00e1veis \u200b\u200bde acordo com nossa Pol\u00edtica de Privacidade e leis de prote\u00e7\u00e3o de dados aplic\u00e1veis.<\/p><h4><strong>AVISO LEGAL<\/strong><\/h4><p>Qualquer tentativa de danificar, destruir, adulterar, vandalizar ou interferir na opera\u00e7\u00e3o do Website \u00e9 uma viola\u00e7\u00e3o da lei criminal e civil. Buscaremos recursos contra qualquer indiv\u00edduo ou entidade infratora na extens\u00e3o m\u00e1xima permitida por lei e em equidade.<\/p><h4><strong>ESCOLHA DA LEI E DO FORO<\/strong><\/h4><p>Estes Termos s\u00e3o regidos e interpretados de acordo com as leis do Reino Unido. As Partes tentar\u00e3o negociar um acordo de boa-f\u00e9 para qualquer reivindica\u00e7\u00e3o ou disputa decorrente ou relacionada a estes Termos e Condi\u00e7\u00f5es amigavelmente. Se as Partes n\u00e3o chegarem a um acordo sobre os termos, a disputa ser\u00e1 submetida exclusivamente a procedimentos de arbitragem confidenciais perante um \u00fanico \u00e1rbitro em Londres sob as regras da ICC, cuja senten\u00e7a ser\u00e1 final e vinculativa. Nenhuma parte dever\u00e1 registrar uma reivindica\u00e7\u00e3o em seu tribunal local de domic\u00edlio ou qualquer outro f\u00f3rum.<\/p><h4><strong>ADENDO DE PROTE\u00c7\u00c3O DE DADOS<\/strong><\/h4><p>Este Adendo de Prote\u00e7\u00e3o de Dados faz parte dos nossos Termos e Condi\u00e7\u00f5es. Os termos usados \u200b\u200baqui t\u00eam significados especificados neste Adendo. Exceto conforme modificado abaixo, os Termos permanecem em pleno vigor e efeito.<\/p><ol class=\"nested-list\"><li><b>Defini\u00e7\u00f5es<\/b><br \/><ol class=\"nested-list\"><li><b>Leis aplic\u00e1veis:<\/b>\u00a0Leis da UE ou dos Estados-Membros relativas a Dados Pessoais sujeitos \u00e0s Leis de Prote\u00e7\u00e3o de Dados da UE e outras leis aplic\u00e1veis \u200b\u200ba Dados Pessoais sujeitos a outras Leis de Prote\u00e7\u00e3o de Dados.<\/li><li><b>Controlador:<\/b>\u00a0Entidade que determina as finalidades e os meios do tratamento de Dados Pessoais.<\/li><li><b>Leis de Prote\u00e7\u00e3o de Dados:<\/b>\u00a0Leis de prote\u00e7\u00e3o de dados da UE e leis de prote\u00e7\u00e3o de dados ou privacidade de qualquer outro pa\u00eds.<\/li><li><b>Leis de prote\u00e7\u00e3o de dados da UE:<\/b>\u00a0Diretiva da UE 95\/46\/CE, GDPR e leis relacionadas.<\/li><li><b>RGPD:<\/b>\u00a0Regulamento Geral de Prote\u00e7\u00e3o de Dados da UE 2016\/679.<\/li><\/ol><\/li><li><b>Coleta e processamento de dados pessoais<\/b><br \/><ol class=\"nested-list\"><li>Concordamos em cumprir todas as Leis de Prote\u00e7\u00e3o de Dados aplic\u00e1veis \u200b\u200bno Processamento de Dados Pessoais.<br \/><ol class=\"nested-list\"><li>Declaramos e garantimos que temos as permiss\u00f5es e consentimentos necess\u00e1rios dos titulares dos dados para permitir legalmente a coleta, o processamento e o compartilhamento de Dados Pessoais por meio dos Servi\u00e7os, de acordo com as Leis Aplic\u00e1veis.<\/li><li>Manteremos um mecanismo para obter e retirar o consentimento, em conformidade com as Leis Aplic\u00e1veis \u200b\u200be a pol\u00edtica de privacidade dispon\u00edvel publicamente.<\/li><li>Reconhecemos n\u00e3o fornecer Servi\u00e7os a crian\u00e7as menores de dezoito (18) anos.<\/li><\/ol><\/li><\/ol><\/li><li><b>Seguran\u00e7a<\/b><br \/><ol class=\"nested-list\"><li>Implementaremos medidas t\u00e9cnicas e organizacionais apropriadas para a seguran\u00e7a dos dados, de acordo com o Artigo 32(1) do RGPD.<\/li><\/ol><\/li><li><b>Subprocessamento<\/b><br \/><ol class=\"nested-list\"><li>Voc\u00ea nos autoriza a nomear Subprocessadores e garantir que contratos escritos com Subprocessadores ofere\u00e7am o mesmo n\u00edvel de prote\u00e7\u00e3o para Dados Pessoais conforme descrito neste Adendo e atendam aos requisitos do GDPR.<\/li><\/ol><\/li><li><b>Direitos do Titular dos Dados<\/b><br \/><ol class=\"nested-list\"><li>Ajudaremos a responder \u00e0s solicita\u00e7\u00f5es de direitos do Titular dos Dados de acordo com as Leis de Prote\u00e7\u00e3o de Dados, considerando a natureza do Processamento.<\/li><\/ol><\/li><li><b>Viola\u00e7\u00e3o de Dados Pessoais<\/b><br \/><ol class=\"nested-list\"><li>Informaremos imediatamente os Titulares de Dados afetados ao tomar conhecimento de uma Viola\u00e7\u00e3o de Dados Pessoais, auxiliando na investiga\u00e7\u00e3o, mitiga\u00e7\u00e3o e remedia\u00e7\u00e3o.<\/li><\/ol><\/li><li><b>Termos Gerais<\/b><br \/><ol class=\"nested-list\"><li>Disputas ou reivindica\u00e7\u00f5es decorrentes destes Termos est\u00e3o sujeitas \u00e0 jurisdi\u00e7\u00e3o estipulada aqui. Se qualquer disposi\u00e7\u00e3o for inv\u00e1lida, o restante permanecer\u00e1 v\u00e1lido.<\/li><\/ol><\/li><li><b>Emendas<\/b><br \/><ol class=\"nested-list\"><li>Altera\u00e7\u00f5es a estes Termos podem ser feitas a qualquer momento, a nosso exclusivo crit\u00e9rio.<\/li><\/ol><\/li><\/ol><p>Ao concordar com estes Termos e Condi\u00e7\u00f5es, voc\u00ea reconhece que leu, entendeu e concorda em ficar vinculado a todos os termos descritos acima. Seu uso cont\u00ednuo do Site e dos Servi\u00e7os constitui aceita\u00e7\u00e3o destes termos. Se voc\u00ea tiver alguma d\u00favida ou preocupa\u00e7\u00e3o, entre em contato conosco em <strong><a href=\"mailto:info@xbt360ai.net\">info@xbt360ai.net<\/a><\/strong><\/p>\t\t\t\t\t\t\t\t<\/div>\n\t\t\t\t\t<\/div>\n\t\t<\/div>\n\t\t\t\t\t<\/div>\n\t\t<\/section>\n\t\t\t\t<\/div>","protected":false},"excerpt":{"rendered":"<p>TERMS &amp; CONDITIONS Thank you for visiting our website\u00a0(the \u201cWebsite\u201d) on which you found the link to these Terms and Conditions (the \u201cWebsite \u201d), and to our\u00a0Privacy Policy (the &#8220;Privacy Policy&#8221;). This website is operated and controlled by Xbt 360 AI and any holding companies, subsidiaries or related entities, all of which are referred to [&hellip;]<\/p>\n","protected":false},"author":1,"featured_media":0,"parent":0,"menu_order":0,"comment_status":"closed","ping_status":"closed","template":"elementor_header_footer","meta":{"footnotes":""},"class_list":["post-14","page","type-page","status-publish","hentry"],"_links":{"self":[{"href":"https:\/\/xbt360ai.net\/pt\/wp-json\/wp\/v2\/pages\/14","targetHints":{"allow":["GET"]}}],"collection":[{"href":"https:\/\/xbt360ai.net\/pt\/wp-json\/wp\/v2\/pages"}],"about":[{"href":"https:\/\/xbt360ai.net\/pt\/wp-json\/wp\/v2\/types\/page"}],"author":[{"embeddable":true,"href":"https:\/\/xbt360ai.net\/pt\/wp-json\/wp\/v2\/users\/1"}],"replies":[{"embeddable":true,"href":"https:\/\/xbt360ai.net\/pt\/wp-json\/wp\/v2\/comments?post=14"}],"version-history":[{"count":0,"href":"https:\/\/xbt360ai.net\/pt\/wp-json\/wp\/v2\/pages\/14\/revisions"}],"wp:attachment":[{"href":"https:\/\/xbt360ai.net\/pt\/wp-json\/wp\/v2\/media?parent=14"}],"curies":[{"name":"wp","href":"https:\/\/api.w.org\/{rel}","templated":true}]}}