{"id":16,"date":"2024-10-07T05:17:23","date_gmt":"2024-10-07T05:17:23","guid":{"rendered":"https:\/\/immediateacceleration.pro\/?page_id=16"},"modified":"2025-10-03T12:40:00","modified_gmt":"2025-10-03T12:40:00","slug":"politica-de-privacidade","status":"publish","type":"page","link":"https:\/\/xbt360ai.net\/pt\/privacy-policy\/","title":{"rendered":"pol\u00edtica de Privacidade"},"content":{"rendered":"<div data-elementor-type=\"wp-page\" data-elementor-id=\"16\" class=\"elementor elementor-16\" data-elementor-post-type=\"page\">\n\t\t\t\t\t\t<section class=\"elementor-section elementor-top-section elementor-element elementor-element-c338b47 elementor-section-height-min-height elementor-section-boxed elementor-section-height-default elementor-section-items-middle\" data-id=\"c338b47\" data-element_type=\"section\" data-e-type=\"section\" data-settings=\"{&quot;background_background&quot;:&quot;classic&quot;}\">\n\t\t\t\t\t\t\t<div class=\"elementor-background-overlay\"><\/div>\n\t\t\t\t\t\t\t<div class=\"elementor-container elementor-column-gap-default\">\n\t\t\t\t\t<div class=\"elementor-column elementor-col-100 elementor-top-column elementor-element elementor-element-6d93b84\" data-id=\"6d93b84\" data-element_type=\"column\" data-e-type=\"column\">\n\t\t\t<div class=\"elementor-widget-wrap elementor-element-populated\">\n\t\t\t\t\t\t<div class=\"elementor-element elementor-element-e006749 elementor-widget elementor-widget-heading\" data-id=\"e006749\" data-element_type=\"widget\" data-e-type=\"widget\" data-widget_type=\"heading.default\">\n\t\t\t\t\t<h1 class=\"elementor-heading-title elementor-size-default\">pol\u00edtica de Privacidade<\/h1>\t\t\t\t<\/div>\n\t\t\t\t\t<\/div>\n\t\t<\/div>\n\t\t\t\t\t<\/div>\n\t\t<\/section>\n\t\t\t\t<section class=\"elementor-section elementor-top-section elementor-element elementor-element-374c751 elementor-section-boxed elementor-section-height-default elementor-section-height-default\" data-id=\"374c751\" data-element_type=\"section\" data-e-type=\"section\">\n\t\t\t\t\t\t<div class=\"elementor-container elementor-column-gap-default\">\n\t\t\t\t\t<div class=\"elementor-column elementor-col-100 elementor-top-column elementor-element elementor-element-8897f7c\" data-id=\"8897f7c\" data-element_type=\"column\" data-e-type=\"column\">\n\t\t\t<div class=\"elementor-widget-wrap elementor-element-populated\">\n\t\t\t\t\t\t<div class=\"elementor-element elementor-element-3b3ccd2 elementor-widget elementor-widget-text-editor\" data-id=\"3b3ccd2\" data-element_type=\"widget\" data-e-type=\"widget\" data-widget_type=\"text-editor.default\">\n\t\t\t\t\t\t\t\t\t<p><b>\u00daltima atualiza\u00e7\u00e3o:<\/b>\u00a0Setembro de 2022<\/p><h4><strong>1. Introdu\u00e7\u00e3o<\/strong><\/h4><p>Esta declara\u00e7\u00e3o descreve a pol\u00edtica de privacidade adotada pela <strong>XBT 360 Ai<\/strong> (\u201cn\u00f3s\u201d, \u201cn\u00f3s\u201d ou \u201cnosso\u201d) em rela\u00e7\u00e3o aos nossos produtos e servi\u00e7os (os \u201cServi\u00e7os\u201d) e <a href=\"https:\/\/xbt360ai.net\/pt\/\">site<\/a>\u00a0(o \u201cWebsite\u201d). A salvaguarda da sua privacidade e a confidencialidade das suas informa\u00e7\u00f5es \u00e9 crucial para n\u00f3s na entrega dos nossos Servi\u00e7os e na opera\u00e7\u00e3o do Website.<\/p><p>Nossos Servi\u00e7os e Site podem conter links para sites e servi\u00e7os de terceiros. N\u00e3o somos respons\u00e1veis \u200b\u200bpelas pr\u00e1ticas de privacidade dessas entidades de terceiros. \u00c9 aconselh\u00e1vel revisar suas pol\u00edticas de privacidade antes de us\u00e1-las.<\/p><p>Todas as informa\u00e7\u00f5es adquiridas por n\u00f3s em conex\u00e3o com nossos Servi\u00e7os s\u00e3o tratadas como confidenciais. Empregamos medidas t\u00e9cnicas, de seguran\u00e7a e organizacionais robustas para proteger Dados Pessoais (conforme definido abaixo) contra processamento n\u00e3o autorizado, perda acidental, destrui\u00e7\u00e3o, dano, roubo ou divulga\u00e7\u00e3o.<\/p><p>Ao enviar suas informa\u00e7\u00f5es por meio de nosso site, voc\u00ea pode ser solicitado a fornecer informa\u00e7\u00f5es pessoais, (por exemplo) seu nome, e-mail, n\u00famero de telefone, data de nascimento e v\u00e1rios detalhes de identifica\u00e7\u00e3o. Essas informa\u00e7\u00f5es podem ser utilizadas, entre outras coisas, para verificar identidade, administrar informa\u00e7\u00f5es, oferecer suporte t\u00e9cnico e cumprir obriga\u00e7\u00f5es contratuais e legais. Podemos comunicar detalhes importantes por meio de notifica\u00e7\u00f5es e, com seu consentimento, fornecer informa\u00e7\u00f5es sobre produtos e servi\u00e7os por SMS, e-mail, etc. Voc\u00ea tem a op\u00e7\u00e3o de gerenciar as prefer\u00eancias de notifica\u00e7\u00e3o e cancelar a assinatura de certas comunica\u00e7\u00f5es.<\/p><h3><strong>Informa\u00e7\u00f5es que coletamos<\/strong><\/h3><p>As informa\u00e7\u00f5es pessoais que voc\u00ea \u00e9 solicitado a fornecer e os motivos pelos quais voc\u00ea \u00e9 solicitado a fornec\u00ea-las ser\u00e3o esclarecidos a voc\u00ea no momento em que solicitarmos que voc\u00ea forne\u00e7a suas informa\u00e7\u00f5es pessoais. Se voc\u00ea entrar em contato conosco diretamente, poderemos receber informa\u00e7\u00f5es adicionais sobre voc\u00ea, como seu nome, endere\u00e7o de e-mail, n\u00famero de telefone, o conte\u00fado da mensagem e\/ou anexos que voc\u00ea pode nos enviar e quaisquer outras informa\u00e7\u00f5es que voc\u00ea escolher fornecer. Quando voc\u00ea se registra para uma Conta, podemos solicitar suas informa\u00e7\u00f5es de contato, incluindo itens como nome, nome da empresa, endere\u00e7o, endere\u00e7o de e-mail e n\u00famero de telefone.<\/p><h4><strong>2. Site; Visitantes e Usu\u00e1rios<\/strong><\/h4><h5><strong>2.1 Em geral<\/strong><\/h5><p>Esta se\u00e7\u00e3o delineia as especificidades da coleta de dados de diferentes grupos: visitantes do site (\u201cVisitantes\u201d), usu\u00e1rios (\u201cUsu\u00e1rios\u201d) e parceiros comerciais (coletivamente \u201cParceiros\u201d). Dados Pessoais incluem endere\u00e7o IP, nome, detalhes de contato e informa\u00e7\u00f5es sobre o relacionamento conosco, conforme definido pelos regulamentos de prote\u00e7\u00e3o de dados aplic\u00e1veis.<\/p><h5><strong>2.2. Coleta e uso<\/strong><\/h5><p>Ao visitar o Website, voc\u00ea consente com a coleta e uso de seus Dados Pessoais. N\u00e3o concordar com estes termos deve impedi-lo de visitar o Website. Podemos coletar informa\u00e7\u00f5es por meio de atividade de visualiza\u00e7\u00e3o de p\u00e1gina, endere\u00e7os IP e cookies. Al\u00e9m disso, processamos dados volunt\u00e1rios de formul\u00e1rios e registros.<\/p><h5><strong>2.3. Finalidade do Processamento de Dados Pessoais<\/strong><\/h5><p>Processamos Dados Pessoais para aprimorar, entender e personalizar nosso Site e Servi\u00e7os. Isso inclui melhorar a precis\u00e3o, a comunica\u00e7\u00e3o sobre Servi\u00e7os, o suporte, as obriga\u00e7\u00f5es contratuais e a colabora\u00e7\u00e3o com parceiros. Consentimento ou base legal s\u00e3o essenciais para qualquer processamento.<\/p><table><tbody><tr><td>Registro como titular de conta<\/td><td>Seu consentimento; Desempenho de servi\u00e7os ou obriga\u00e7\u00f5es contratuais<\/td><\/tr><tr><td>Fornecimento e utiliza\u00e7\u00e3o de servi\u00e7os<\/td><td>Desempenho de servi\u00e7os ou obriga\u00e7\u00f5es contratuais<\/td><\/tr><tr><td>Atualiza\u00e7\u00f5es operacionais<\/td><td>Desempenho de servi\u00e7os ou obriga\u00e7\u00f5es contratuais<\/td><\/tr><tr><td>Respondendo a perguntas e fornecendo suporte<\/td><td>Interesses leg\u00edtimos ou desempenho de Servi\u00e7os<\/td><\/tr><tr><td>Servi\u00e7os personalizados, publicidade e marketing<\/td><td>Interesses leg\u00edtimos ou seu consentimento<\/td><\/tr><tr><td>Melhorando e oferecendo novos servi\u00e7os<\/td><td>Consentimento e interesses leg\u00edtimos<\/td><\/tr><tr><td>Envio de materiais publicit\u00e1rios e de marketing<\/td><td>Seu consentimento<\/td><\/tr><tr><td>Analisando a efic\u00e1cia da campanha de marketing<\/td><td>Interesses leg\u00edtimos ou consentimento<\/td><\/tr><tr><td>Realiza\u00e7\u00e3o de diversas atividades de apoio<\/td><td>Interesses leg\u00edtimos ou desempenho de Servi\u00e7os<\/td><\/tr><tr><td>An\u00e1lise, incluindo an\u00e1lise estat\u00edstica<\/td><td>Interesses leg\u00edtimos<\/td><\/tr><tr><td>Protegendo interesses, direitos e ativos<\/td><td>Interesses leg\u00edtimos ou obriga\u00e7\u00f5es legais<\/td><\/tr><\/tbody><\/table><h5><strong>2.4. Compartilhamento de Dados Pessoais<\/strong><\/h5><p>Podemos compartilhar informa\u00e7\u00f5es com fornecedores de servi\u00e7os, Parceiros e contratados. Para Visitantes e Usu\u00e1rios na European Data Region, o processamento de dados est\u00e1 em conformidade com o GDPR e as Leis de Prote\u00e7\u00e3o de Dados e regulamenta\u00e7\u00f5es aplic\u00e1veis.<\/p><h4><strong>3. Parceiros<\/strong><\/h4><h5><strong>3.1 Em geral<\/strong><\/h5><p>Para fornecer Servi\u00e7os e colaborar com Parceiros, coletamos e processamos tipos de dados espec\u00edficos. Os Parceiros s\u00e3o respons\u00e1veis \u200b\u200bpor seus dados, e podemos acess\u00e1-los por meios seguros.<\/p><h5><strong>3.2. Processamento de Dados Pessoais<\/strong><\/h5><p>Contamos com o consentimento do Parceiro ou interesses leg\u00edtimos para processar Dados Pessoais. Agrega\u00e7\u00f5es de Dados podem ser criadas para desenvolvimento e melhoria de qualidade.<\/p><h5><strong>3.3. Controlador\/Processador<\/strong><\/h5><p>Podemos atuar como Controlador ou Processador dependendo do tipo de dados:<\/p><ul><li>Todos os dados s\u00e3o hospedados com seguran\u00e7a, seguindo os mais altos padr\u00f5es de seguran\u00e7a. Implementamos prote\u00e7\u00f5es f\u00edsicas, t\u00e9cnicas e organizacionais.<\/li><\/ul><h5><strong>3.4. Prote\u00e7\u00e3o de dados de terceiros<\/strong><\/h5><p>Se os Servi\u00e7os envolverem o processamento de Dados Pessoais em uma plataforma de terceiros:<\/p><ul><li>Atuamos como um Processador<\/li><li>Cumpra as instru\u00e7\u00f5es do terceiro<\/li><li>Implementar medidas de seguran\u00e7a<\/li><li>Informar sobre viola\u00e7\u00f5es de dados<\/li><li>N\u00e3o subcontratar sem consentimento<\/li><li>N\u00e3o processe dados fora do Espa\u00e7o Econ\u00f4mico Europeu sem consentimento<\/li><li>Para comunica\u00e7\u00f5es de marketing eletr\u00f4nico, op\u00e7\u00f5es de consentimento e cancelamento de assinatura s\u00e3o garantidas.<\/li><\/ul><h4><strong>4. Seguran\u00e7a<\/strong><\/h4><p>Empregamos salvaguardas administrativas, organizacionais e t\u00e9cnicas para proteger Dados Pessoais de acesso n\u00e3o autorizado, divulga\u00e7\u00e3o, altera\u00e7\u00e3o, perda, uso indevido ou danos. Ao compartilhar dados com terceiros, garantimos que eles mantenham os mesmos padr\u00f5es de prote\u00e7\u00e3o de dados, e obriga\u00e7\u00f5es contratuais s\u00e3o estabelecidas para processamento exclusivo e seguro alinhado com esta Pol\u00edtica.<\/p><p>Se houver uma cren\u00e7a de que a intera\u00e7\u00e3o conosco est\u00e1 comprometida, Visitantes, Usu\u00e1rios ou Parceiros devem nos notificar imediatamente. \u00c9 importante observar que, apesar de nossas medidas de seguran\u00e7a, n\u00e3o podemos garantir imunidade completa contra hackers de terceiros. Os usu\u00e1rios reconhecem os riscos inerentes e as poss\u00edveis viola\u00e7\u00f5es.<\/p><h4><strong>5. Biscoitos<\/strong><\/h4><p>Consulte nosso\u00a0<a href=\"https:\/\/xbt360ai.net\/pt\/politica-de-cookies\/\">Pol\u00edtica de Cookies<\/a>\u00a0para obter informa\u00e7\u00f5es detalhadas sobre os tipos de cookies e tecnologias de rastreamento usados \u200b\u200bno Site, motivos de uso e como aceit\u00e1-los ou rejeit\u00e1-los.<\/p><h4><strong>6. Links para outros sites<\/strong><\/h4><p>Ao navegar no Website, os Usu\u00e1rios podem encontrar links para sites externos al\u00e9m do nosso controle. N\u00e3o nos responsabilizamos pelo conte\u00fado ou pelas pol\u00edticas de privacidade desses sites. Os Usu\u00e1rios s\u00e3o aconselhados a revisar as pol\u00edticas de privacidade de tais sites e servi\u00e7os de terceiros antes de divulgar quaisquer Dados Pessoais.<\/p><h4><strong>7. Reten\u00e7\u00e3o e Exclus\u00e3o<\/strong><\/h4><p>Dados, incluindo Dados Pessoais, n\u00e3o ser\u00e3o retidos por mais tempo do que o necess\u00e1rio. Visitantes e\/ou Usu\u00e1rios com contas ativas s\u00e3o respons\u00e1veis \u200b\u200bpela exclus\u00e3o oportuna de dados. Ap\u00f3s o t\u00e9rmino de uma conta ou parceria, Dados Pessoais relacionados coletados por meio do Site e\/ou Servi\u00e7os ser\u00e3o exclu\u00eddos em conformidade com as leis aplic\u00e1veis \u200b\u200be nossas pol\u00edticas internas.<\/p><p>A retirada do consentimento para o processamento de Dados Pessoais pode limitar o acesso a alguns ou todos os Servi\u00e7os solicitados, sem que haja reclama\u00e7\u00f5es ou contesta\u00e7\u00f5es dispon\u00edveis.<\/p><h4><strong>8. Seus direitos<\/strong><\/h4><h5><strong>8.1. Direito de acesso<\/strong><\/h5><ul><li>Confirme se os Dados Pessoais s\u00e3o processados<\/li><li>Acesso a Dados Pessoais e informa\u00e7\u00f5es relacionadas<\/li><li>Informa\u00e7\u00f5es sobre finalidades de processamento, categorias, destinat\u00e1rios, dura\u00e7\u00e3o do armazenamento, direitos e exist\u00eancia de perfis<\/li><\/ul><h5><strong>8.2. Direito de Retifica\u00e7\u00e3o<\/strong><\/h5><ul><li>Retifica\u00e7\u00e3o de Dados Pessoais imprecisos<\/li><li>Preenchimento de Dados Pessoais incompletos<\/li><\/ul><h5><strong>8.3. Direito ao Apagamento<\/strong><\/h5><ul><li>Solicitar a elimina\u00e7\u00e3o de Dados Pessoais por motivos espec\u00edficos<\/li><\/ul><h5><strong>8.4. Direito de Restri\u00e7\u00e3o de Processamento<\/strong><\/h5><ul><li>Obter restri\u00e7\u00e3o de processamento em circunst\u00e2ncias espec\u00edficas<\/li><\/ul><h5><strong>8.5. Direito \u00e0 Portabilidade de Dados<\/strong><\/h5><ul><li>Receba Dados Pessoais em um formato estruturado e leg\u00edvel por m\u00e1quina<\/li><li>Transmitir Dados Pessoais para outro controlador<\/li><\/ul><h5><strong>8.6. Direito de obje\u00e7\u00e3o<\/strong><\/h5><ul><li>Obje\u00e7\u00e3o ao processamento com base em interesses leg\u00edtimos ou marketing direto<\/li><li>Interromper o processamento, a menos que haja motivos convincentes e\/ou legais aplic\u00e1veis<\/li><\/ul><h5><strong>8.7. Direito de Retirar o Consentimento<\/strong><\/h5><ul><li>Retirar o consentimento para o processamento de Dados Pessoais a qualquer momento<\/li><\/ul><h4><strong>9. Materiais de publicidade e marketing<\/strong><\/h4><p>O consentimento \u00e9 obtido para usar Dados Pessoais e detalhes de contato para fornecer materiais de publicidade e marketing. A retirada do consentimento \u00e9 poss\u00edvel enviando uma notifica\u00e7\u00e3o por escrito para o endere\u00e7o de e-mail fornecido.<\/p><h4><strong>10. Aceita\u00e7\u00e3o desta Pol\u00edtica<\/strong><\/h4><p>Ao usar o Website e\/ou Servi\u00e7os, presume-se que Visitantes, Usu\u00e1rios e\/ou Parceiros leram e concordaram com esta Pol\u00edtica. Qualquer discord\u00e2ncia implica em abster-se de usar a plataforma. Reservamo-nos o direito de modificar a Pol\u00edtica, e os Usu\u00e1rios s\u00e3o encorajados a verificar atualiza\u00e7\u00f5es periodicamente. O uso cont\u00ednuo ap\u00f3s as altera\u00e7\u00f5es indica aceita\u00e7\u00e3o.<\/p><h4><strong>11. Obriga\u00e7\u00e3o legal de divulgar dados pessoais<\/strong><\/h4><p>Dados Pessoais podem ser divulgados sem permiss\u00e3o pr\u00e9via se houver uma cren\u00e7a de que \u00e9 necess\u00e1rio estabelecer identidade, contato ou iniciar procedimentos legais contra indiv\u00edduos suspeitos de violar direitos ou propriedade. A divulga\u00e7\u00e3o deve ser feita quando legalmente exigida.<\/p><h4><strong>12. Respons\u00e1vel pela Prote\u00e7\u00e3o de Dados<\/strong><\/h4><p>Para quest\u00f5es de privacidade e prote\u00e7\u00e3o de dados, um \u201cRespons\u00e1vel pela Prote\u00e7\u00e3o de Dados\u201d designado pode ser contatado em\u00a0<a href=\"mailto:info@xbt360ai.net\"><strong><span class=\"email\">info@xbt360ai.net<\/span><\/strong><\/a><\/p>\t\t\t\t\t\t\t\t<\/div>\n\t\t\t\t\t<\/div>\n\t\t<\/div>\n\t\t\t\t\t<\/div>\n\t\t<\/section>\n\t\t\t\t<\/div>","protected":false},"excerpt":{"rendered":"<p>Privacy Policy Last updated:\u00a0September 2022 1. Introduction This statement outlines the privacy policy adopted by XBT 360 Ai (&#8220;us,&#8221; &#8220;we,&#8221; or &#8220;our&#8221;) concerning our products and services (the &#8220;Services&#8221;) and website\u00a0(the &#8220;Website&#8221;). Safeguarding your privacy and the confidentiality of your information is crucial to us in delivering our Services and operating the Website. Our Services [&hellip;]<\/p>\n","protected":false},"author":1,"featured_media":0,"parent":0,"menu_order":0,"comment_status":"closed","ping_status":"closed","template":"elementor_header_footer","meta":{"footnotes":""},"class_list":["post-16","page","type-page","status-publish","hentry"],"_links":{"self":[{"href":"https:\/\/xbt360ai.net\/pt\/wp-json\/wp\/v2\/pages\/16","targetHints":{"allow":["GET"]}}],"collection":[{"href":"https:\/\/xbt360ai.net\/pt\/wp-json\/wp\/v2\/pages"}],"about":[{"href":"https:\/\/xbt360ai.net\/pt\/wp-json\/wp\/v2\/types\/page"}],"author":[{"embeddable":true,"href":"https:\/\/xbt360ai.net\/pt\/wp-json\/wp\/v2\/users\/1"}],"replies":[{"embeddable":true,"href":"https:\/\/xbt360ai.net\/pt\/wp-json\/wp\/v2\/comments?post=16"}],"version-history":[{"count":0,"href":"https:\/\/xbt360ai.net\/pt\/wp-json\/wp\/v2\/pages\/16\/revisions"}],"wp:attachment":[{"href":"https:\/\/xbt360ai.net\/pt\/wp-json\/wp\/v2\/media?parent=16"}],"curies":[{"name":"wp","href":"https:\/\/api.w.org\/{rel}","templated":true}]}}