{"id":18,"date":"2024-10-07T05:17:44","date_gmt":"2024-10-07T05:17:44","guid":{"rendered":"https:\/\/immediateacceleration.pro\/?page_id=18"},"modified":"2026-02-02T12:50:11","modified_gmt":"2026-02-02T12:50:11","slug":"politica-de-cookies","status":"publish","type":"page","link":"https:\/\/xbt360ai.net\/pt\/cookie-policy\/","title":{"rendered":"Pol\u00edtica de Cookies"},"content":{"rendered":"<div data-elementor-type=\"wp-page\" data-elementor-id=\"18\" class=\"elementor elementor-18\" data-elementor-post-type=\"page\">\n\t\t\t\t\t\t<section class=\"elementor-section elementor-top-section elementor-element elementor-element-c59380d elementor-section-height-min-height elementor-section-boxed elementor-section-height-default elementor-section-items-middle\" data-id=\"c59380d\" data-element_type=\"section\" data-e-type=\"section\" data-settings=\"{&quot;background_background&quot;:&quot;classic&quot;}\">\n\t\t\t\t\t\t\t<div class=\"elementor-background-overlay\"><\/div>\n\t\t\t\t\t\t\t<div class=\"elementor-container elementor-column-gap-default\">\n\t\t\t\t\t<div class=\"elementor-column elementor-col-100 elementor-top-column elementor-element elementor-element-5248720\" data-id=\"5248720\" data-element_type=\"column\" data-e-type=\"column\">\n\t\t\t<div class=\"elementor-widget-wrap elementor-element-populated\">\n\t\t\t\t\t\t<div class=\"elementor-element elementor-element-4e8cabb elementor-widget elementor-widget-heading\" data-id=\"4e8cabb\" data-element_type=\"widget\" data-e-type=\"widget\" data-widget_type=\"heading.default\">\n\t\t\t\t\t<h1 class=\"elementor-heading-title elementor-size-default\">Pol\u00edtica de Cookies<\/h1>\t\t\t\t<\/div>\n\t\t\t\t\t<\/div>\n\t\t<\/div>\n\t\t\t\t\t<\/div>\n\t\t<\/section>\n\t\t\t\t<section class=\"elementor-section elementor-top-section elementor-element elementor-element-d5f1e7e elementor-section-boxed elementor-section-height-default elementor-section-height-default\" data-id=\"d5f1e7e\" data-element_type=\"section\" data-e-type=\"section\">\n\t\t\t\t\t\t<div class=\"elementor-container elementor-column-gap-default\">\n\t\t\t\t\t<div class=\"elementor-column elementor-col-100 elementor-top-column elementor-element elementor-element-85febd6\" data-id=\"85febd6\" data-element_type=\"column\" data-e-type=\"column\">\n\t\t\t<div class=\"elementor-widget-wrap elementor-element-populated\">\n\t\t\t\t\t\t<div class=\"elementor-element elementor-element-a3a33c2 elementor-widget elementor-widget-text-editor\" data-id=\"a3a33c2\" data-element_type=\"widget\" data-e-type=\"widget\" data-widget_type=\"text-editor.default\">\n\t\t\t\t\t\t\t\t\t<p>Esta pol\u00edtica estabelece a pr\u00e1tica de\u00a0 (\u201c<b>XBT 360 AI<\/b>\" ou o\u00a0<b>\u201cEditor de site\u201d<\/b>\u00a0ou \"<b>N\u00f3s<\/b>\" ou \"<b>We<\/b>\u201c), para cookies utilizados no site dispon\u00edvel em <strong><a href=\"https:\/\/xbt360ai.net\/pt\/\">xbt360ai.net<\/a> <\/strong>(the \u201c<b>Site<\/b>\u201d).<\/p><p>Ao navegar no Website, cookies podem ser colocados no seu dispositivo (computador, tablet, smartphone, etc.). Os cookies salvam informa\u00e7\u00f5es sobre sua navega\u00e7\u00e3o em nosso Website (por exemplo: p\u00e1ginas que voc\u00ea visitou, endere\u00e7o IP, data e hora de sua visita, etc.) que podemos ler durante suas visitas subsequentes.<\/p><h4><strong>1. O que s\u00e3o cookies?<\/strong><\/h4><p>Cookies s\u00e3o arquivos de texto contendo uma pequena quantidade de informa\u00e7\u00f5es que s\u00e3o baixadas para seu dispositivo quando voc\u00ea visita um site. A cada visita subsequente, os cookies s\u00e3o enviados de volta ao site original ou a outro site que os reconhece. Os cookies s\u00e3o, portanto, \u00fateis porque permitem que um site reconhe\u00e7a o dispositivo de um usu\u00e1rio.<\/p><p>Os cookies desempenham v\u00e1rias fun\u00e7\u00f5es, como permitir que voc\u00ea navegue com efici\u00eancia entre v\u00e1rias p\u00e1ginas, salvar suas prefer\u00eancias, melhorar sua experi\u00eancia no site e permitir que voc\u00ea visualize an\u00fancios personalizados.<\/p><p>Para mais informa\u00e7\u00f5es sobre o tratamento dos seus dados pessoais, consulte <strong><a href=\"https:\/\/xbt360ai.net\/pt\/\">xbt360ai.net<\/a> <\/strong>Data Privacy Notice.<\/p><p><strong>2. Quem pode colocar cookies no seu dispositivo?<\/strong><\/p><p>Os cookies podem ser colocados pelo Editor do Site ou por terceiros.<\/p><h4 class=\"bold\"><strong>3. Para que s\u00e3o utilizados os cookies?<\/strong><\/h4><p>Podemos colocar as seguintes categorias de cookies no seu dispositivo:<\/p><table class=\"table table-bordered\"><thead><tr><td><b>Categoria de cookies<\/b><\/td><td><b>Prop\u00f3sito<\/b><\/td><\/tr><\/thead><tbody><tr><td>Cookies estritamente necess\u00e1rios<\/td><td><p>Esses cookies s\u00e3o estritamente necess\u00e1rios para permitir que voc\u00ea navegue no Website e use os recursos que voc\u00ea solicitou. Eles s\u00e3o usados \u200b\u200bpara fornecer a voc\u00ea Nosso conte\u00fado, produtos e servi\u00e7os que voc\u00ea solicitou.<\/p><p>Esses cookies s\u00e3o essenciais para ajudar seu dispositivo a baixar ou transmitir informa\u00e7\u00f5es para que voc\u00ea possa navegar pelo site, usar seus recursos e retornar \u00e0s p\u00e1ginas que visitou anteriormente.<\/p><p>Esses cookies coletam dados pessoais sobre voc\u00ea, como nome de usu\u00e1rio e data do \u00faltimo login, e identificam voc\u00ea como conectado ao site.<\/p><p>Esses cookies s\u00e3o exclu\u00eddos quando voc\u00ea fecha seu navegador (cookies de sess\u00e3o).<\/p><\/td><\/tr><tr><td>Cookies de funcionalidade<\/td><td><p>Esses cookies s\u00e3o usados \u200b\u200bpara reconhec\u00ea-lo quando voc\u00ea retorna ao Site e nos permitem lembrar de suas escolhas e prefer\u00eancias.<\/p><p>Esses cookies sobrevivem ao fechamento do seu navegador e duram at\u00e9 o tempo de expira\u00e7\u00e3o aplic\u00e1vel<\/p><\/td><\/tr><tr><td>Cookies de desempenho<\/td><td><p>Esses cookies s\u00e3o usados \u200b\u200bpara fornecer estat\u00edsticas agregadas em rela\u00e7\u00e3o ao desempenho do Website e para testar e melhorar tal desempenho, a fim de fornecer melhor experi\u00eancia do usu\u00e1rio. Al\u00e9m disso, eles nos permitem realizar fun\u00e7\u00f5es anal\u00edticas no Website.<\/p><p>Esses cookies coletam dados anonimizados que n\u00e3o est\u00e3o relacionados a uma pessoa f\u00edsica identificada ou identific\u00e1vel.<\/p><p>Esses cookies s\u00e3o v\u00e1lidos por per\u00edodos variados; alguns s\u00e3o exclu\u00eddos quando voc\u00ea fecha o navegador, enquanto outros t\u00eam um per\u00edodo de validade indefinido.<\/p><\/td><\/tr><\/tbody><\/table><p>Voc\u00ea pode encontrar uma lista completa dos cookies usados \u200b\u200bem nosso site aqui: <a href=\"https:\/\/xbt360ai.net\/pt\/\"><b>xbt360ai.net<\/b><\/a><\/p><h4 class=\"bold\"><strong>4. Como gerencio minhas prefer\u00eancias de cookies?<\/strong><\/h4><p>O uso de certos cookies est\u00e1 sujeito ao seu consentimento pr\u00e9vio para cada finalidade espec\u00edfica. Observe que os cookies estritamente necess\u00e1rios n\u00e3o est\u00e3o sujeitos a consentimento pr\u00e9vio.<\/p><p>For other cookies, in order to obtain your consent, we use a cookie management tool that allows you to inform Us of your preferences when you first visit the Website. You may also change your preferences at any time, including disabling cookies, by using the cookies management tool available here: <strong><a href=\"https:\/\/xbt360ai.net\/pt\/\">xbt360ai.net<\/a><\/strong>.<\/p><p>Voc\u00ea tamb\u00e9m pode desabilitar os cookies alterando as configura\u00e7\u00f5es do seu navegador, o que permite que voc\u00ea recuse a coloca\u00e7\u00e3o de todos ou parte dos cookies.<\/p><p>Dependendo dos cookies espec\u00edficos, se voc\u00ea desabilitar todos ou alguns cookies:<\/p><ul><li>Voc\u00ea pode n\u00e3o ter mais acesso a todo ou parte do Site;<\/li><li>Uma parte ou todos os servi\u00e7os oferecidos no Site podem n\u00e3o funcionar corretamente;<\/li><li>N\u00e3o poderemos mais ser informados sobre sua navega\u00e7\u00e3o no Site; e<\/li><li>A publicidade exibida no Site ou em sites de terceiros pode ser menos personalizada.<\/li><\/ul><p>Desativar um cookie ou categoria de cookies n\u00e3o os remove do seu navegador; remov\u00ea-los exige que voc\u00ea execute uma a\u00e7\u00e3o espec\u00edfica no seu navegador.<\/p><p>Se voc\u00ea deseja alterar as configura\u00e7\u00f5es de cookies, v\u00e1 para o menu \u201cOp\u00e7\u00f5es\u201d ou \u201cPrefer\u00eancias\u201d do seu navegador. Para mais informa\u00e7\u00f5es, v\u00e1 para a se\u00e7\u00e3o \u201cAjuda\u201d do seu navegador.<\/p><p>Para saber mais sobre as configura\u00e7\u00f5es de cookies do seu navegador, clique nos links abaixo:<\/p><ul><li><span style=\"color: #000000;\"><strong><a style=\"color: #000000;\" href=\"https:\/\/support.microsoft.com\/fr-fr\/microsoft-edge\/supprimer-les-cookies-dans-microsoft-edge-63947406-40ac-c3b8-57b9-2a946a29ae09\" target=\"_blank\" rel=\"noopener\">Borda<\/a><\/strong><\/span><\/li><li><span style=\"color: #000000;\"><strong><a style=\"color: #000000;\" href=\"https:\/\/support.mozilla.org\/fr\/kb\/activer-desactiver-cookies?redirectlocale=fr&amp;redirectslug=Activer+et+d%C3%A9sactiver+les+cookies\" target=\"_blank\" rel=\"noopener\">Raposa de fogo<\/a><\/strong><\/span><\/li><li><span style=\"color: #000000;\"><strong><a style=\"color: #000000;\" href=\"https:\/\/support.google.com\/chrome\/answer\/95647?hl=fr&amp;hlrm=en\" target=\"_blank\" rel=\"noopener\">Cromo<\/a><\/strong><\/span><\/li><li><span style=\"color: #000000;\"><strong><a style=\"color: #000000;\" href=\"https:\/\/support.apple.com\/kb\/HT1677?viewlocale=fr_FR\" target=\"_blank\" rel=\"noopener\">Saf\u00e1ri<\/a><\/strong><\/span><\/li><\/ul><h4 class=\"bold\"><strong>5. Altera\u00e7\u00f5es na Pol\u00edtica de Cookies<\/strong><\/h4><p>Esta Pol\u00edtica de Cookies pode ser atualizada periodicamente para refletir mudan\u00e7as em nossas pr\u00e1ticas de cookies. N\u00f3s o notificaremos sobre tais mudan\u00e7as, incluindo a data efetiva delas.<\/p>\t\t\t\t\t\t\t\t<\/div>\n\t\t\t\t\t<\/div>\n\t\t<\/div>\n\t\t\t\t\t<\/div>\n\t\t<\/section>\n\t\t\t\t<\/div>","protected":false},"excerpt":{"rendered":"<p>Cookie Policy This policy sets forth the practice of\u00a0 (&#8220;XBT 360 AI&#8221; or the\u00a0\u201cWebsite Publisher\u201d\u00a0or &#8220;Us&#8221; or &#8220;We&#8220;), for cookies used on the website available at xbt360ai.net (the \u201cWebsite\u201d). When you browse the Website, cookies may be placed on your device (computer, tablet, smartphone, etc.). The cookies save information about your browsing on our Website [&hellip;]<\/p>\n","protected":false},"author":1,"featured_media":0,"parent":0,"menu_order":0,"comment_status":"closed","ping_status":"closed","template":"elementor_header_footer","meta":{"footnotes":""},"class_list":["post-18","page","type-page","status-publish","hentry"],"_links":{"self":[{"href":"https:\/\/xbt360ai.net\/pt\/wp-json\/wp\/v2\/pages\/18","targetHints":{"allow":["GET"]}}],"collection":[{"href":"https:\/\/xbt360ai.net\/pt\/wp-json\/wp\/v2\/pages"}],"about":[{"href":"https:\/\/xbt360ai.net\/pt\/wp-json\/wp\/v2\/types\/page"}],"author":[{"embeddable":true,"href":"https:\/\/xbt360ai.net\/pt\/wp-json\/wp\/v2\/users\/1"}],"replies":[{"embeddable":true,"href":"https:\/\/xbt360ai.net\/pt\/wp-json\/wp\/v2\/comments?post=18"}],"version-history":[{"count":0,"href":"https:\/\/xbt360ai.net\/pt\/wp-json\/wp\/v2\/pages\/18\/revisions"}],"wp:attachment":[{"href":"https:\/\/xbt360ai.net\/pt\/wp-json\/wp\/v2\/media?parent=18"}],"curies":[{"name":"wp","href":"https:\/\/api.w.org\/{rel}","templated":true}]}}